{"id":1201,"date":"2018-01-05T15:14:55","date_gmt":"2018-01-05T14:14:55","guid":{"rendered":"http:\/\/neu.dpc-software.de\/statgraphics\/online\/statgraphics-online-menue-fuehrung-und-statistische-prozeduren\/"},"modified":"2018-01-17T16:52:18","modified_gmt":"2018-01-17T15:52:18","slug":"statgraphics-online-menue-fuehrung-und-statistische-prozeduren","status":"publish","type":"page","link":"https:\/\/dpc-software.de\/en\/statgraphics\/online\/statgraphics-online-menue-fuehrung-und-statistische-prozeduren\/","title":{"rendered":"STATGRAPHICS Online &#8211; Procedures"},"content":{"rendered":"<p>[et_pb_section bb_built=&#8221;1&#8243; background_color=&#8221;#f7f7f7&#8243; _builder_version=&#8221;3.0.78&#8243; module_class=&#8221;first-content&#8221;][et_pb_row _builder_version=&#8221;3.0.78&#8243; background_size=&#8221;initial&#8221; background_position=&#8221;top_left&#8221; background_repeat=&#8221;repeat&#8221; _i=&#8221;0&#8243; _address=&#8221;1.0&#8243;][et_pb_column type=&#8221;4_4&#8243;][et_pb_text _builder_version=&#8221;3.0.78&#8243; background_color=&#8221;#f7f7f7&#8243; background_layout=&#8221;light&#8221; border_style=&#8221;solid&#8221; text_orientation=&#8221;center&#8221; module_alignment=&#8221;center&#8221;]<\/p>\n<h1>STATGRAPHICS Online &#8211; Procedures<\/h1>\n<p>[\/et_pb_text][\/et_pb_column][\/et_pb_row][\/et_pb_section][et_pb_section bb_built=&#8221;1&#8243; module_class=&#8221;volle-breite same-height column-50 height-image &#8221; _builder_version=&#8221;3.0.78&#8243; custom_padding=&#8221;0px||0px|0px&#8221;][et_pb_row make_fullwidth=&#8221;on&#8221; custom_padding=&#8221;0px|0px|0px|0px&#8221; background_color_2=&#8221;#ffffff&#8221; padding_top_2=&#8221;0px&#8221; padding_right_2=&#8221;0px&#8221; padding_bottom_2=&#8221;0px&#8221; padding_left_2=&#8221;0px&#8221; _builder_version=&#8221;3.0.78&#8243; background_size=&#8221;initial&#8221; background_position=&#8221;top_left&#8221; background_repeat=&#8221;repeat&#8221; module_class_2=&#8221;abstand&#8221;][et_pb_column type=&#8221;1_2&#8243;][et_pb_image _builder_version=&#8221;3.0.78&#8243; src=&#8221;https:\/\/dpc-software.de\/wp-content\/uploads\/2017\/10\/dpc-software.jpg&#8221; show_in_lightbox=&#8221;off&#8221; url_new_window=&#8221;off&#8221; use_overlay=&#8221;off&#8221; always_center_on_mobile=&#8221;on&#8221; border_style=&#8221;solid&#8221; force_fullwidth=&#8221;off&#8221; show_bottom_space=&#8221;on&#8221; \/][\/et_pb_column][et_pb_column type=&#8221;1_2&#8243;][et_pb_text _builder_version=&#8221;3.0.78&#8243; background_color=&#8221;#ffffff&#8221; background_layout=&#8221;light&#8221; border_style=&#8221;solid&#8221;]<\/p>\n<p>STATGRAPHICS Online currently contains the following selection of STATGRAPHICS procedures (with more on the way):<\/p>\n<p><strong>Plot Menu<\/strong><\/p>\n<ul>\n<li>Scatterplots (X Plot, X-Y Plot, Multiple X-Y Plot, Bubble Chart, X-Y-Z Plot, Multiple X-Y-Z Plot, Matrix Plot)<\/li>\n<li>Numeric Data (Frequency Histogram, Box-and-Whisker Plot, Quantile Plot, Normal Probability Plot, Multiple Boxplot)<\/li>\n<li>Categorical Data (Frequency Table, Contingency Table)<\/li>\n<li>Probability Distributions (General Distributions, Sampling Distributions)<\/li>\n<li>U. S. Map<\/li>\n<\/ul>\n<p><strong>Describe Menu<\/strong><\/p>\n<ul>\n<li>Summarize Data<\/li>\n<li>Numeric Data (One Variable Analysis, Multiple Variable Analysis, Distribution Fitting)<\/li>\n<li>Categorical Data (Frequency Tabulation, Crosstabulation)<\/li>\n<\/ul>\n<p>[\/et_pb_text][\/et_pb_column][\/et_pb_row][\/et_pb_section][et_pb_section bb_built=&#8221;1&#8243; module_class=&#8221;volle-breite abstand same-height column-50 kontakt&#8221; _builder_version=&#8221;3.0.78&#8243; custom_padding=&#8221;0px||0px|0px&#8221;][et_pb_row make_fullwidth=&#8221;on&#8221; custom_padding=&#8221;0px|0px|0px|0px&#8221; background_color_2=&#8221;#ffffff&#8221; padding_top_2=&#8221;0px&#8221; padding_right_2=&#8221;0px&#8221; padding_bottom_2=&#8221;0px&#8221; padding_left_2=&#8221;0px&#8221; module_class_2=&#8221;grau&#8221; _builder_version=&#8221;3.0.78&#8243; background_size=&#8221;initial&#8221; background_position=&#8221;top_left&#8221; background_repeat=&#8221;repeat&#8221; module_class_1=&#8221;text-unserteam&#8221;][et_pb_column type=&#8221;1_2&#8243;][et_pb_text _builder_version=&#8221;3.0.78&#8243; background_layout=&#8221;light&#8221; border_style=&#8221;solid&#8221;]<\/p>\n<p><strong>Compare Menu<\/strong><\/p>\n<ul>\n<li>Two Samples (Independent Samples, Paired Samples)<\/li>\n<li>Multiple Samples<\/li>\n<li>ANOVA (Oneway ANOVA, Multifactor ANOVA)<\/li>\n<\/ul>\n<p><strong>Relate Menu<\/strong><\/p>\n<ul>\n<li>Simple Regression<\/li>\n<li>Multiple Regression<\/li>\n<\/ul>\n<p><strong>Forecast Menu<\/strong><\/p>\n<ul>\n<li>Descriptive Time Series Methods<\/li>\n<li>Smoothing<\/li>\n<li>Seasonal Decomposition<\/li>\n<li>Forecasting (Automatic and Manual)<\/li>\n<\/ul>\n<p>[\/et_pb_text][\/et_pb_column][et_pb_column type=&#8221;1_2&#8243;][et_pb_text _builder_version=&#8221;3.0.78&#8243; background_layout=&#8221;light&#8221; border_style=&#8221;solid&#8221;]<\/p>\n<p><strong>SPC<\/strong><\/p>\n<ul>\n<li>Pareto Analysis<\/li>\n<li>Capability Analysis<\/li>\n<li>Control Charts for Variables (Individuals, Subgroups)<\/li>\n<li>Control Charts for Attributes (P and NP Charts, U Chart, C Chart)<\/li>\n<li>Weibull Analysis<\/li>\n<li>Six Sigma Indizes<\/li>\n<\/ul>\n<p><strong>STATLETS\u00ae<\/strong><\/p>\n<ul>\n<li>Scatterplot Brushing<\/li>\n<li>Scatterplot Smoothing<\/li>\n<li>X-Y-Z Scatterplot<\/li>\n<li>Curve Fitting<\/li>\n<li>Interactive Histogram<\/li>\n<li>Interactive Map<\/li>\n<li>Exponential Smoothing<\/li>\n<li>Probabilistic Fractal<\/li>\n<\/ul>\n<p>[\/et_pb_text][\/et_pb_column][\/et_pb_row][\/et_pb_section][et_pb_section bb_built=&#8221;1&#8243; background_color=&#8221;#e2001a&#8221; _builder_version=&#8221;3.0.78&#8243; custom_padding=&#8221;54px|0px|52px|0px&#8221; module_class=&#8221;abschluss&#8221;][et_pb_row _builder_version=&#8221;3.0.78&#8243; background_size=&#8221;initial&#8221; background_position=&#8221;top_left&#8221; background_repeat=&#8221;repeat&#8221; _i=&#8221;0&#8243; _address=&#8221;4.0&#8243;][et_pb_column type=&#8221;4_4&#8243;][et_pb_text _builder_version=&#8221;3.0.78&#8243; background_layout=&#8221;dark&#8221; border_style=&#8221;solid&#8221; text_orientation=&#8221;center&#8221; module_alignment=&#8221;center&#8221;]<\/p>\n<h2>Ihre Ansprechpartner<\/h2>\n<p>[\/et_pb_text][\/et_pb_column][\/et_pb_row][et_pb_row _builder_version=&#8221;3.0.78&#8243;][et_pb_column type=&#8221;1_3&#8243;][et_pb_text _builder_version=&#8221;3.0.78&#8243; background_layout=&#8221;light&#8221; border_style=&#8221;solid&#8221;]<\/p>\n<p><b>Ihre Ansprechpartner<br \/>\nf\u00fcr Versicherungsthemen, APL und Projekte<\/b><br \/>\n<a class=\"intern_red\" title=\"Opens window for sending email\" href=\"mailto:axel.holzmueller@dpc-software.de\">Axel Holzm\u00fcller<\/a><br \/>\n<a class=\"intern_red\" title=\"Opens window for sending email\" href=\"mailto:alp.atayalp@dpc-software.de\">Alp Atayalp<\/a><br \/>\nTel\u00a0<a href=\"tel+492122606650\">(0)212 \/ 2 60 66-50<\/a><\/p>\n<p>[\/et_pb_text][\/et_pb_column][et_pb_column type=&#8221;1_3&#8243;][et_pb_text _builder_version=&#8221;3.0.78&#8243;]<\/p>\n<p><b>Ihr Ansprechpartner<br \/>\nf\u00fcr Enterprise Software<\/b><br \/>\n<a class=\"intern_red\" title=\"Opens window for sending email\" href=\"mailto:alp.atayalp@dpc-software.de\">Alp Atayalp<\/a><br \/>\nTel <a href=\"+492122606626\"> (0)212 \/ 2 60 66-26<\/a><\/p>\n<p>[\/et_pb_text][\/et_pb_column][et_pb_column type=&#8221;1_3&#8243;][et_pb_text _builder_version=&#8221;3.0.78&#8243;]<\/p>\n<p><b>Allgemeine Fragen<\/b><br \/>\nrichten Sie bitte an<br \/>\n<a class=\"intern_red\" title=\"Opens window for sending email\" href=\"mailto:projekte@dpc-software.de\">projekte@dpc-software.de<\/a><br \/>\nTel <a href=\"+49212260660\"> (0)212 \/ 2 60 66-0<\/a><br \/>\nfax +49 (0)212 \/ 2 60 66-66<\/p>\n<p>[\/et_pb_text][\/et_pb_column][\/et_pb_row][\/et_pb_section]<\/p>\n","protected":false},"excerpt":{"rendered":"<p>STATGRAPHICS Online &#8211; Procedures STATGRAPHICS Online currently contains the following selection of STATGRAPHICS procedures (with more on the way): Plot Menu Scatterplots (X Plot, X-Y Plot, Multiple X-Y Plot, Bubble Chart, X-Y-Z Plot, Multiple X-Y-Z Plot, Matrix Plot) Numeric Data (Frequency Histogram, Box-and-Whisker Plot, Quantile Plot, Normal Probability Plot, Multiple Boxplot) Categorical Data (Frequency Table, Contingency Table) Probability Distributions (General Distributions, Sampling Distributions) U. S. Map Describe Menu Summarize Data Numeric Data (One Variable Analysis, Multiple Variable Analysis, Distribution Fitting) Categorical Data (Frequency Tabulation, Crosstabulation) Compare Menu Two Samples (Independent Samples, Paired Samples) Multiple Samples ANOVA (Oneway ANOVA, Multifactor ANOVA) Relate Menu Simple Regression Multiple Regression Forecast Menu Descriptive Time Series Methods Smoothing Seasonal Decomposition Forecasting (Automatic and Manual) SPC Pareto Analysis Capability Analysis Control Charts for Variables (Individuals, Subgroups) Control Charts for Attributes (P and NP Charts, U Chart, C Chart) Weibull Analysis Six Sigma Indizes STATLETS\u00ae Scatterplot Brushing Scatterplot Smoothing X-Y-Z Scatterplot Curve Fitting Interactive Histogram Interactive Map Exponential Smoothing Probabilistic Fractal Ihre Ansprechpartner Ihre Ansprechpartner f\u00fcr Versicherungsthemen, APL und Projekte Axel Holzm\u00fcller Alp Atayalp Tel\u00a0(0)212 \/ 2 60 66-50 Ihr Ansprechpartner f\u00fcr Enterprise Software Alp Atayalp Tel (0)212 \/ 2 60 66-26 Allgemeine Fragen richten Sie bitte [&hellip;]<\/p>\n","protected":false},"author":1,"featured_media":0,"parent":1152,"menu_order":0,"comment_status":"closed","ping_status":"closed","template":"","meta":{"_acf_changed":false,"_et_pb_use_builder":"on","_et_pb_old_content":"","_et_gb_content_width":"","inline_featured_image":false,"footnotes":""},"class_list":["post-1201","page","type-page","status-publish","hentry"],"acf":[],"yoast_head":"<!-- This site is optimized with the Yoast SEO plugin v25.9 - https:\/\/yoast.com\/wordpress\/plugins\/seo\/ -->\n<title>STATGRAPHICS Online - Men\u00fc-F\u00fchrung | DPC Statistiksoftware<\/title>\n<meta name=\"description\" content=\"Das Men\u00fc von STATGRAPHICS Online enth\u00e4lt momentan die folgenden STATGRAPHICS-Prozeduren (wird schrittweise erweitert): Diagramme (Plot)...\" \/>\n<meta name=\"robots\" content=\"index, follow, max-snippet:-1, max-image-preview:large, max-video-preview:-1\" \/>\n<link rel=\"canonical\" href=\"https:\/\/dpc-software.de\/en\/statgraphics\/online\/statgraphics-online-menue-fuehrung-und-statistische-prozeduren\/\" \/>\n<meta property=\"og:locale\" content=\"en_US\" \/>\n<meta property=\"og:type\" content=\"article\" \/>\n<meta property=\"og:title\" content=\"STATGRAPHICS Online - Men\u00fc-F\u00fchrung | DPC Statistiksoftware\" \/>\n<meta property=\"og:description\" content=\"Das Men\u00fc von STATGRAPHICS Online enth\u00e4lt momentan die folgenden STATGRAPHICS-Prozeduren (wird schrittweise erweitert): Diagramme (Plot)...\" \/>\n<meta property=\"og:url\" content=\"https:\/\/dpc-software.de\/en\/statgraphics\/online\/statgraphics-online-menue-fuehrung-und-statistische-prozeduren\/\" \/>\n<meta property=\"og:site_name\" content=\"DPC Software GmbH\" \/>\n<meta property=\"article:modified_time\" content=\"2018-01-17T15:52:18+00:00\" \/>\n<meta name=\"twitter:card\" content=\"summary_large_image\" \/>\n<meta name=\"twitter:label1\" content=\"Est. reading time\" \/>\n\t<meta name=\"twitter:data1\" content=\"3 minutes\" \/>\n<script type=\"application\/ld+json\" class=\"yoast-schema-graph\">{\"@context\":\"https:\/\/schema.org\",\"@graph\":[{\"@type\":\"WebPage\",\"@id\":\"https:\/\/dpc-software.de\/en\/statgraphics\/online\/statgraphics-online-menue-fuehrung-und-statistische-prozeduren\/\",\"url\":\"https:\/\/dpc-software.de\/en\/statgraphics\/online\/statgraphics-online-menue-fuehrung-und-statistische-prozeduren\/\",\"name\":\"STATGRAPHICS Online - Men\u00fc-F\u00fchrung | DPC Statistiksoftware\",\"isPartOf\":{\"@id\":\"https:\/\/dpc-software.de\/#website\"},\"datePublished\":\"2018-01-05T14:14:55+00:00\",\"dateModified\":\"2018-01-17T15:52:18+00:00\",\"description\":\"Das Men\u00fc von STATGRAPHICS Online enth\u00e4lt momentan die folgenden STATGRAPHICS-Prozeduren (wird schrittweise erweitert): Diagramme (Plot)...\",\"breadcrumb\":{\"@id\":\"https:\/\/dpc-software.de\/en\/statgraphics\/online\/statgraphics-online-menue-fuehrung-und-statistische-prozeduren\/#breadcrumb\"},\"inLanguage\":\"en-US\",\"potentialAction\":[{\"@type\":\"ReadAction\",\"target\":[\"https:\/\/dpc-software.de\/en\/statgraphics\/online\/statgraphics-online-menue-fuehrung-und-statistische-prozeduren\/\"]}]},{\"@type\":\"BreadcrumbList\",\"@id\":\"https:\/\/dpc-software.de\/en\/statgraphics\/online\/statgraphics-online-menue-fuehrung-und-statistische-prozeduren\/#breadcrumb\",\"itemListElement\":[{\"@type\":\"ListItem\",\"position\":1,\"name\":\"Startseite\",\"item\":\"https:\/\/dpc-software.de\/en\/\"},{\"@type\":\"ListItem\",\"position\":2,\"name\":\"Statgraphics\",\"item\":\"https:\/\/dpc-software.de\/en\/statgraphics\/\"},{\"@type\":\"ListItem\",\"position\":3,\"name\":\"Online\",\"item\":\"https:\/\/dpc-software.de\/en\/statgraphics\/online\/\"},{\"@type\":\"ListItem\",\"position\":4,\"name\":\"STATGRAPHICS Online &#8211; Procedures\"}]},{\"@type\":\"WebSite\",\"@id\":\"https:\/\/dpc-software.de\/#website\",\"url\":\"https:\/\/dpc-software.de\/\",\"name\":\"DPC Software GmbH\",\"description\":\"Stata and StatGraphics Distributor\",\"publisher\":{\"@id\":\"https:\/\/dpc-software.de\/#organization\"},\"potentialAction\":[{\"@type\":\"SearchAction\",\"target\":{\"@type\":\"EntryPoint\",\"urlTemplate\":\"https:\/\/dpc-software.de\/?s={search_term_string}\"},\"query-input\":{\"@type\":\"PropertyValueSpecification\",\"valueRequired\":true,\"valueName\":\"search_term_string\"}}],\"inLanguage\":\"en-US\"},{\"@type\":\"Organization\",\"@id\":\"https:\/\/dpc-software.de\/#organization\",\"name\":\"DPC Software GmbH - Stata and StatGraphics Distributor\",\"url\":\"https:\/\/dpc-software.de\/\",\"logo\":{\"@type\":\"ImageObject\",\"inLanguage\":\"en-US\",\"@id\":\"https:\/\/dpc-software.de\/#\/schema\/logo\/image\/\",\"url\":\"https:\/\/dpc-software.de\/wp-content\/uploads\/2018\/10\/dpc-favi.png\",\"contentUrl\":\"https:\/\/dpc-software.de\/wp-content\/uploads\/2018\/10\/dpc-favi.png\",\"width\":307,\"height\":273,\"caption\":\"DPC Software GmbH - Stata and StatGraphics Distributor\"},\"image\":{\"@id\":\"https:\/\/dpc-software.de\/#\/schema\/logo\/image\/\"}}]}<\/script>\n<!-- \/ Yoast SEO plugin. -->","yoast_head_json":{"title":"STATGRAPHICS Online - Men\u00fc-F\u00fchrung | DPC Statistiksoftware","description":"Das Men\u00fc von STATGRAPHICS Online enth\u00e4lt momentan die folgenden STATGRAPHICS-Prozeduren (wird schrittweise erweitert): Diagramme (Plot)...","robots":{"index":"index","follow":"follow","max-snippet":"max-snippet:-1","max-image-preview":"max-image-preview:large","max-video-preview":"max-video-preview:-1"},"canonical":"https:\/\/dpc-software.de\/en\/statgraphics\/online\/statgraphics-online-menue-fuehrung-und-statistische-prozeduren\/","og_locale":"en_US","og_type":"article","og_title":"STATGRAPHICS Online - Men\u00fc-F\u00fchrung | DPC Statistiksoftware","og_description":"Das Men\u00fc von STATGRAPHICS Online enth\u00e4lt momentan die folgenden STATGRAPHICS-Prozeduren (wird schrittweise erweitert): Diagramme (Plot)...","og_url":"https:\/\/dpc-software.de\/en\/statgraphics\/online\/statgraphics-online-menue-fuehrung-und-statistische-prozeduren\/","og_site_name":"DPC Software GmbH","article_modified_time":"2018-01-17T15:52:18+00:00","twitter_card":"summary_large_image","twitter_misc":{"Est. reading time":"3 minutes"},"schema":{"@context":"https:\/\/schema.org","@graph":[{"@type":"WebPage","@id":"https:\/\/dpc-software.de\/en\/statgraphics\/online\/statgraphics-online-menue-fuehrung-und-statistische-prozeduren\/","url":"https:\/\/dpc-software.de\/en\/statgraphics\/online\/statgraphics-online-menue-fuehrung-und-statistische-prozeduren\/","name":"STATGRAPHICS Online - Men\u00fc-F\u00fchrung | DPC Statistiksoftware","isPartOf":{"@id":"https:\/\/dpc-software.de\/#website"},"datePublished":"2018-01-05T14:14:55+00:00","dateModified":"2018-01-17T15:52:18+00:00","description":"Das Men\u00fc von STATGRAPHICS Online enth\u00e4lt momentan die folgenden STATGRAPHICS-Prozeduren (wird schrittweise erweitert): Diagramme (Plot)...","breadcrumb":{"@id":"https:\/\/dpc-software.de\/en\/statgraphics\/online\/statgraphics-online-menue-fuehrung-und-statistische-prozeduren\/#breadcrumb"},"inLanguage":"en-US","potentialAction":[{"@type":"ReadAction","target":["https:\/\/dpc-software.de\/en\/statgraphics\/online\/statgraphics-online-menue-fuehrung-und-statistische-prozeduren\/"]}]},{"@type":"BreadcrumbList","@id":"https:\/\/dpc-software.de\/en\/statgraphics\/online\/statgraphics-online-menue-fuehrung-und-statistische-prozeduren\/#breadcrumb","itemListElement":[{"@type":"ListItem","position":1,"name":"Startseite","item":"https:\/\/dpc-software.de\/en\/"},{"@type":"ListItem","position":2,"name":"Statgraphics","item":"https:\/\/dpc-software.de\/en\/statgraphics\/"},{"@type":"ListItem","position":3,"name":"Online","item":"https:\/\/dpc-software.de\/en\/statgraphics\/online\/"},{"@type":"ListItem","position":4,"name":"STATGRAPHICS Online &#8211; Procedures"}]},{"@type":"WebSite","@id":"https:\/\/dpc-software.de\/#website","url":"https:\/\/dpc-software.de\/","name":"DPC Software GmbH","description":"Stata and StatGraphics Distributor","publisher":{"@id":"https:\/\/dpc-software.de\/#organization"},"potentialAction":[{"@type":"SearchAction","target":{"@type":"EntryPoint","urlTemplate":"https:\/\/dpc-software.de\/?s={search_term_string}"},"query-input":{"@type":"PropertyValueSpecification","valueRequired":true,"valueName":"search_term_string"}}],"inLanguage":"en-US"},{"@type":"Organization","@id":"https:\/\/dpc-software.de\/#organization","name":"DPC Software GmbH - Stata and StatGraphics Distributor","url":"https:\/\/dpc-software.de\/","logo":{"@type":"ImageObject","inLanguage":"en-US","@id":"https:\/\/dpc-software.de\/#\/schema\/logo\/image\/","url":"https:\/\/dpc-software.de\/wp-content\/uploads\/2018\/10\/dpc-favi.png","contentUrl":"https:\/\/dpc-software.de\/wp-content\/uploads\/2018\/10\/dpc-favi.png","width":307,"height":273,"caption":"DPC Software GmbH - Stata and StatGraphics Distributor"},"image":{"@id":"https:\/\/dpc-software.de\/#\/schema\/logo\/image\/"}}]}},"_links":{"self":[{"href":"https:\/\/dpc-software.de\/en\/wp-json\/wp\/v2\/pages\/1201","targetHints":{"allow":["GET"]}}],"collection":[{"href":"https:\/\/dpc-software.de\/en\/wp-json\/wp\/v2\/pages"}],"about":[{"href":"https:\/\/dpc-software.de\/en\/wp-json\/wp\/v2\/types\/page"}],"author":[{"embeddable":true,"href":"https:\/\/dpc-software.de\/en\/wp-json\/wp\/v2\/users\/1"}],"replies":[{"embeddable":true,"href":"https:\/\/dpc-software.de\/en\/wp-json\/wp\/v2\/comments?post=1201"}],"version-history":[{"count":3,"href":"https:\/\/dpc-software.de\/en\/wp-json\/wp\/v2\/pages\/1201\/revisions"}],"predecessor-version":[{"id":1219,"href":"https:\/\/dpc-software.de\/en\/wp-json\/wp\/v2\/pages\/1201\/revisions\/1219"}],"up":[{"embeddable":true,"href":"https:\/\/dpc-software.de\/en\/wp-json\/wp\/v2\/pages\/1152"}],"wp:attachment":[{"href":"https:\/\/dpc-software.de\/en\/wp-json\/wp\/v2\/media?parent=1201"}],"curies":[{"name":"wp","href":"https:\/\/api.w.org\/{rel}","templated":true}]}}