{"id":11016,"date":"2025-07-31T10:46:41","date_gmt":"2025-07-31T08:46:41","guid":{"rendered":"https:\/\/dpc-software.de\/webinarium-attekintes\/"},"modified":"2026-03-06T13:03:54","modified_gmt":"2026-03-06T12:03:54","slug":"webinarium-attekintes","status":"publish","type":"page","link":"https:\/\/dpc-software.de\/hu\/webinarium-attekintes\/","title":{"rendered":"Webin\u00e1rium \u00e1ttekint\u00e9s"},"content":{"rendered":"<p>[et_pb_section fb_built=&#8221;1&#8243; module_class=&#8221;dpc-team&#8221; _builder_version=&#8221;4.24.2&#8243; _module_preset=&#8221;default&#8221; background_enable_color=&#8221;off&#8221; background_image=&#8221;https:\/\/dpc-software.de\/wp-content\/uploads\/2024\/09\/laptop-3076957_1920.jpg&#8221; custom_margin=&#8221;60px||||false|false&#8221; global_colors_info=&#8221;{}&#8221;][et_pb_row column_structure=&#8221;3_5,2_5&#8243; admin_label=&#8221;H 1&#8243; module_id=&#8221;dpc-teamseite&#8221; module_class=&#8221;dpc_headertext &#8221; _builder_version=&#8221;4.24.2&#8243; _module_preset=&#8221;default&#8221; background_enable_color=&#8221;off&#8221; global_colors_info=&#8221;{}&#8221;][et_pb_column type=&#8221;3_5&#8243; _builder_version=&#8221;4.16&#8243; _module_preset=&#8221;default&#8221; global_colors_info=&#8221;{}&#8221;][et_pb_text module_class=&#8221;ueberschrift&#8221; _builder_version=&#8221;4.24.2&#8243; _module_preset=&#8221;default&#8221; text_text_color=&#8221;#FFFFFF&#8221; header_font=&#8221;Encode Sans|700|||||||&#8221; header_text_align=&#8221;left&#8221; header_text_color=&#8221;#000000&#8243; header_font_size=&#8221;50px&#8221; background_enable_color=&#8221;off&#8221; custom_padding=&#8221;15px||1px||false|false&#8221; global_colors_info=&#8221;{}&#8221;]<\/p>\n<h1>Webin\u00e1rok<\/h1>\n<p>[\/et_pb_text][\/et_pb_column][et_pb_column type=&#8221;2_5&#8243; _builder_version=&#8221;4.16&#8243; _module_preset=&#8221;default&#8221; global_colors_info=&#8221;{}&#8221;][\/et_pb_column][\/et_pb_row][et_pb_row column_structure=&#8221;1_3,1_3,1_3&#8243; _builder_version=&#8221;4.24.2&#8243; _module_preset=&#8221;default&#8221; global_colors_info=&#8221;{}&#8221;][et_pb_column type=&#8221;1_3&#8243; _builder_version=&#8221;4.24.2&#8243; _module_preset=&#8221;default&#8221; global_colors_info=&#8221;{}&#8221;][\/et_pb_column][et_pb_column type=&#8221;1_3&#8243; _builder_version=&#8221;4.24.2&#8243; _module_preset=&#8221;default&#8221; global_colors_info=&#8221;{}&#8221;][\/et_pb_column][et_pb_column type=&#8221;1_3&#8243; _builder_version=&#8221;4.24.2&#8243; _module_preset=&#8221;default&#8221; global_colors_info=&#8221;{}&#8221;][\/et_pb_column][\/et_pb_row][\/et_pb_section][et_pb_section fb_built=&#8221;1&#8243; admin_label=&#8221;Geplant&#8221; _builder_version=&#8221;4.24.2&#8243; _module_preset=&#8221;default&#8221; background_color=&#8221;#f7f7f7&#8243; global_colors_info=&#8221;{}&#8221;][et_pb_row module_class=&#8221;strich&#8221; _builder_version=&#8221;4.24.2&#8243; _module_preset=&#8221;default&#8221; global_colors_info=&#8221;{}&#8221;][et_pb_column type=&#8221;4_4&#8243; _builder_version=&#8221;4.24.2&#8243; _module_preset=&#8221;default&#8221; global_colors_info=&#8221;{}&#8221;][et_pb_text _builder_version=&#8221;4.24.2&#8243; _module_preset=&#8221;default&#8221; global_colors_info=&#8221;{}&#8221;]<\/p>\n<h2><strong>Tervezett<\/strong><\/h2>\n<p>[\/et_pb_text][\/et_pb_column][\/et_pb_row][et_pb_row column_structure=&#8221;2_5,3_5&#8243; disabled_on=&#8221;on|on|on&#8221; admin_label=&#8221;Webinar 14.11&#8243; module_id=&#8221;Newsflash-Praxistipps&#8221; module_class=&#8221;person person-right&#8221; _builder_version=&#8221;4.27.5&#8243; _module_preset=&#8221;default&#8221; disabled=&#8221;on&#8221; locked=&#8221;off&#8221; global_colors_info=&#8221;{}&#8221;][et_pb_column type=&#8221;2_5&#8243; _builder_version=&#8221;4.27.4&#8243; _module_preset=&#8221;default&#8221; global_colors_info=&#8221;{}&#8221;][et_pb_text _builder_version=&#8221;4.27.4&#8243; _module_preset=&#8221;default&#8221; custom_padding=&#8221;||1px|||&#8221; global_colors_info=&#8221;{}&#8221;]<\/p>\n<h3 aria-level=\"2\"><span data-teams=\"true\"><strong>Working with Stata Frames<\/strong><\/span><\/h3>\n<h4><em>Dr. Asjad Naqvi<\/em><\/h4>\n<p>[\/et_pb_text][et_pb_text _builder_version=&#8221;4.27.4&#8243; _module_preset=&#8221;default&#8221; inline_fonts=&#8221;ABeeZee,Source Code Pro&#8221; global_colors_info=&#8221;{}&#8221;]<\/p>\n<h4><strong><span class=\"ve_personalization\">Date:<\/span><\/strong><\/h4>\n<p><span class=\"ve_personalization\"><strong>Friday, 06. March 2026<\/strong><br \/><strong> 10:00 \u2013 11:30 CET (UTC+01:00)<\/strong><br \/>Free<br \/>Language of the webinar: English<\/span><\/p>\n<h4><strong>Abstract<\/strong>:<\/h4>\n<p><span>Frames are a relatively new and powerful feature in Stata that allow users to work with multiple datasets simultaneously within a single session, to streamline data management and empirical workflows. This webinar introduces the core concepts of frames, such as creating, linking, and switching between datasets, and demonstrates how they can replace repetitive merges and creation of temporary datasets. Using practical examples, we show how frames support cleaner and more efficient handling of complex data structures, improve transparency and reproducibility of empirical analyses and results, and facilitate the development of more modular and efficient Stata programs and packages.<\/span><\/p>\n<p>[\/et_pb_text][et_pb_text _builder_version=&#8221;4.27.4&#8243; _module_preset=&#8221;default&#8221; global_colors_info=&#8221;{}&#8221;]<\/p>\n<h4 aria-level=\"2\" style=\"text-align: left;\"><strong>Register now and get more out of Stata!<\/strong><\/h4>\n<p>[\/et_pb_text][\/et_pb_column][et_pb_column type=&#8221;3_5&#8243; _builder_version=&#8221;4.27.4&#8243; _module_preset=&#8221;default&#8221; global_colors_info=&#8221;{}&#8221;][et_pb_image src=&#8221;https:\/\/dpc-software.de\/wp-content\/uploads\/2026\/02\/Why-STATA-Facebook-Beitrag-Quadrat-31.png&#8221; title_text=&#8221;Why STATA (Facebook-Beitrag (Quadrat)) (31)&#8221; force_fullwidth=&#8221;on&#8221; _builder_version=&#8221;4.27.5&#8243; _module_preset=&#8221;default&#8221; global_colors_info=&#8221;{}&#8221;][\/et_pb_image][et_pb_button button_url=&#8221;https:\/\/dpc-software.de\/webinar-stata-frames\/&#8221; button_text=&#8221;Register&#8221; button_alignment=&#8221;center&#8221; _builder_version=&#8221;4.27.5&#8243; _module_preset=&#8221;default&#8221; global_colors_info=&#8221;{}&#8221;][\/et_pb_button][\/et_pb_column][\/et_pb_row][\/et_pb_section][et_pb_section fb_built=&#8221;1&#8243; admin_label=&#8221;Archiv&#8221; _builder_version=&#8221;4.27.4&#8243; _module_preset=&#8221;default&#8221; background_color=&#8221;#f7f7f7&#8243; custom_margin=&#8221;-100px||-100px||false|false&#8221; global_colors_info=&#8221;{}&#8221;][et_pb_row module_class=&#8221;strich&#8221; _builder_version=&#8221;4.24.2&#8243; _module_preset=&#8221;default&#8221; global_colors_info=&#8221;{}&#8221;][et_pb_column type=&#8221;4_4&#8243; _builder_version=&#8221;4.24.2&#8243; _module_preset=&#8221;default&#8221; global_colors_info=&#8221;{}&#8221;][et_pb_text _builder_version=&#8221;4.24.2&#8243; _module_preset=&#8221;default&#8221; global_colors_info=&#8221;{}&#8221;]<\/p>\n<h2><strong>Archive<\/strong><\/h2>\n<p>[\/et_pb_text][\/et_pb_column][\/et_pb_row][et_pb_row column_structure=&#8221;1_3,2_3&#8243; disabled_on=&#8221;off|off|off&#8221; admin_label=&#8221;Webinar 12.12&#8243; module_id=&#8221;Newsflash-Praxistipps&#8221; module_class=&#8221;person person-right&#8221; _builder_version=&#8221;4.27.5&#8243; _module_preset=&#8221;default&#8221; hover_enabled=&#8221;0&#8243; global_colors_info=&#8221;{}&#8221; sticky_enabled=&#8221;0&#8243; locked=&#8221;off&#8221;][et_pb_column type=&#8221;1_3&#8243; _builder_version=&#8221;4.27.4&#8243; _module_preset=&#8221;default&#8221; global_colors_info=&#8221;{}&#8221;][et_pb_text _builder_version=&#8221;4.27.5&#8243; _module_preset=&#8221;default&#8221; custom_padding=&#8221;||1px|||&#8221; hover_enabled=&#8221;0&#8243; global_colors_info=&#8221;{}&#8221; sticky_enabled=&#8221;0&#8243;]<\/p>\n<h3 aria-level=\"2\"><span data-teams=\"true\"><strong>Working with Stata Frames<\/strong><\/span><\/h3>\n<h4>Dr. Asjad Naqvi<br \/>06. March 2026<\/h4>\n<p>[\/et_pb_text][et_pb_text _builder_version=&#8221;4.27.4&#8243; _module_preset=&#8221;default&#8221; inline_fonts=&#8221;ABeeZee,Source Code Pro&#8221; global_colors_info=&#8221;{}&#8221;]<\/p>\n<h4><strong>Abstract<\/strong>:<\/h4>\n<p><span>Frames are a relatively new and powerful feature in Stata that allow users to work with multiple datasets simultaneously within a single session, to streamline data management and empirical workflows. This webinar introduces the core concepts of frames, such as creating, linking, and switching between datasets, and demonstrates how they can replace repetitive merges and creation of temporary datasets. Using practical examples, we show how frames support cleaner and more efficient handling of complex data structures, improve transparency and reproducibility of empirical analyses and results, and facilitate the development of more modular and efficient Stata programs and packages.<\/span><\/p>\n<p>[\/et_pb_text][\/et_pb_column][et_pb_column type=&#8221;2_3&#8243; _builder_version=&#8221;4.27.4&#8243; _module_preset=&#8221;default&#8221; global_colors_info=&#8221;{}&#8221;][et_pb_video src=&#8221;https:\/\/youtu.be\/-SSg5_8XsrA&#8221; disabled_on=&#8221;off|off|off&#8221; _builder_version=&#8221;4.27.5&#8243; _module_preset=&#8221;default&#8221; hover_enabled=&#8221;0&#8243; global_colors_info=&#8221;{}&#8221; sticky_enabled=&#8221;0&#8243;][\/et_pb_video][et_pb_button button_url=&#8221;https:\/\/youtu.be\/-SSg5_8XsrA&#8221; button_text=&#8221;Webinar ansehen&#8221; button_alignment=&#8221;center&#8221; disabled_on=&#8221;off|off|off&#8221; _builder_version=&#8221;4.27.5&#8243; _module_preset=&#8221;default&#8221; hover_enabled=&#8221;0&#8243; global_colors_info=&#8221;{}&#8221; sticky_enabled=&#8221;0&#8243;][\/et_pb_button][et_pb_button button_url=&#8221;https:\/\/dpc-software.de\/wp-content\/uploads\/2026\/03\/StataFrames_20260306.zip&#8221; url_new_window=&#8221;on&#8221; button_text=&#8221;Testdaten Download&#8221; button_alignment=&#8221;center&#8221; disabled_on=&#8221;off|off|off&#8221; _builder_version=&#8221;4.27.5&#8243; _module_preset=&#8221;default&#8221; hover_enabled=&#8221;0&#8243; locked=&#8221;off&#8221; global_colors_info=&#8221;{}&#8221; sticky_enabled=&#8221;0&#8243;][\/et_pb_button][\/et_pb_column][\/et_pb_row][et_pb_row column_structure=&#8221;1_3,2_3&#8243; disabled_on=&#8221;off|off|off&#8221; admin_label=&#8221;Webinar 04.09&#8243; module_id=&#8221;Newsflash-Praxistipps&#8221; module_class=&#8221;person person-right&#8221; _builder_version=&#8221;4.27.4&#8243; _module_preset=&#8221;default&#8221; locked=&#8221;off&#8221; global_colors_info=&#8221;{}&#8221;][et_pb_column type=&#8221;1_3&#8243; _builder_version=&#8221;4.27.4&#8243; _module_preset=&#8221;default&#8221; global_colors_info=&#8221;{}&#8221;][et_pb_text _builder_version=&#8221;4.27.4&#8243; _module_preset=&#8221;default&#8221; global_colors_info=&#8221;{}&#8221;]<\/p>\n<h3 aria-level=\"2\"><span class=\"TextRun SCXW20543212 BCX8\" lang=\"DE-DE\" xml:lang=\"DE-DE\" data-contrast=\"auto\"> <strong><span class=\"NormalTextRun SpellingErrorV2Themed SCXW20543212 BCX8\">Conditional<\/span><span class=\"NormalTextRun SCXW20543212 BCX8\"> Average Treatment <\/span><span class=\"NormalTextRun SpellingErrorV2Themed SCXW20543212 BCX8\">Effects<\/span> <span class=\"NormalTextRun SpellingErrorV2Themed SCXW20543212 BCX8\">Estimation<\/span> <span class=\"NormalTextRun SpellingErrorV2Themed SCXW20543212 BCX8\">Using<\/span> <span class=\"NormalTextRun SpellingErrorV2Themed SpellingErrorHighlight SCXW20543212 BCX8\">Stata<\/span><\/strong><\/span><strong><span class=\"EOP SCXW20543212 BCX8\" data-ccp-props=\"{&quot;134233117&quot;:false,&quot;134233118&quot;:false,&quot;335551550&quot;:0,&quot;335551620&quot;:0,&quot;335559738&quot;:240,&quot;335559739&quot;:240}\">\u00a0<\/span><\/strong><\/h3>\n<h4>Di Liu\u00a0 &#8211; StataCorp LLC.<br \/>04. September 2025<\/h4>\n<p>[\/et_pb_text][et_pb_text _builder_version=&#8221;4.27.4&#8243; _module_preset=&#8221;default&#8221; inline_fonts=&#8221;ABeeZee,Source Code Pro&#8221; global_colors_info=&#8221;{}&#8221;]<\/p>\n<h4><strong><span class=\"ve_personalization\">Abstract<\/span><\/strong><\/h4>\n<p><span data-contrast=\"auto\">Treatment effects estimate the causal effects of a treatment on an outcome. These effects may be heterogeneous. Average treatment effects conditional on a set of variables (CATEs) help us understand such heterogeneous treatment effects and, by construction, are useful for evaluating how different treatment-assignment policies impact various groups within a population.<\/span><span data-ccp-props=\"{&quot;134233117&quot;:false,&quot;134233118&quot;:false,&quot;335551550&quot;:0,&quot;335551620&quot;:0,&quot;335559738&quot;:240,&quot;335559739&quot;:240}\">\u00a0<\/span><\/p>\n<p>[\/et_pb_text][et_pb_text _builder_version=&#8221;4.27.4&#8243; _module_preset=&#8221;default&#8221; custom_padding=&#8221;||0px|||&#8221; global_colors_info=&#8221;{}&#8221;]<\/p>\n<p><span data-contrast=\"auto\">A must-attend for anyone working with <\/span><b><span data-contrast=\"auto\">causal inference<\/span><\/b><span data-contrast=\"auto\">, <\/span><b><span data-contrast=\"auto\">policy evaluation<\/span><\/b><span data-contrast=\"auto\">, or <\/span><b><span data-contrast=\"auto\">Stata-based data analysis<\/span><\/b><span data-contrast=\"auto\">.<\/span><span data-ccp-props=\"{&quot;134233117&quot;:false,&quot;134233118&quot;:false,&quot;335551550&quot;:0,&quot;335551620&quot;:0,&quot;335559738&quot;:240,&quot;335559739&quot;:240}\">\u00a0<\/span><\/p>\n<p><span data-ccp-props=\"{&quot;134233117&quot;:false,&quot;134233118&quot;:false,&quot;335551550&quot;:0,&quot;335551620&quot;:0,&quot;335559738&quot;:240,&quot;335559739&quot;:240}\"><\/span><\/p>\n<p>[\/et_pb_text][\/et_pb_column][et_pb_column type=&#8221;2_3&#8243; _builder_version=&#8221;4.27.4&#8243; _module_preset=&#8221;default&#8221; global_colors_info=&#8221;{}&#8221;][et_pb_video src=&#8221;https:\/\/youtu.be\/KAah_4KQBn4&#8243; _builder_version=&#8221;4.27.4&#8243; _module_preset=&#8221;default&#8221; global_colors_info=&#8221;{}&#8221;][\/et_pb_video][et_pb_button button_url=&#8221;https:\/\/youtu.be\/KAah_4KQBn4&#8243; button_text=&#8221;Webinar ansehen&#8221; button_alignment=&#8221;center&#8221; _builder_version=&#8221;4.27.4&#8243; _module_preset=&#8221;default&#8221; global_colors_info=&#8221;{}&#8221;][\/et_pb_button][\/et_pb_column][\/et_pb_row][\/et_pb_section]<\/p>\n","protected":false},"excerpt":{"rendered":"<p>Webin\u00e1rokTervezettWorking with Stata Frames Dr. Asjad NaqviDate: Friday, 06. March 2026 10:00 \u2013 11:30 CET (UTC+01:00)FreeLanguage of the webinar: English Abstract: Frames are a relatively new and powerful feature in Stata that allow users to work with multiple datasets simultaneously within a single session, to streamline data management and empirical workflows. This webinar introduces the core concepts of frames, such as creating, linking, and switching between datasets, and demonstrates how they can replace repetitive merges and creation of temporary datasets. Using practical examples, we show how frames support cleaner and more efficient handling of complex data structures, improve transparency and reproducibility of empirical analyses and results, and facilitate the development of more modular and efficient Stata programs and packages.Register now and get more out of Stata!ArchiveWorking with Stata Frames Dr. Asjad Naqvi06. March 2026Abstract: Frames are a relatively new and powerful feature in Stata that allow users to work with multiple datasets simultaneously within a single session, to streamline data management and empirical workflows. This webinar introduces the core concepts of frames, such as creating, linking, and switching between datasets, and demonstrates how they can replace repetitive merges and creation of temporary datasets. Using practical examples, we show how frames [&hellip;]<\/p>\n","protected":false},"author":2,"featured_media":0,"parent":0,"menu_order":0,"comment_status":"closed","ping_status":"closed","template":"","meta":{"_acf_changed":false,"_et_pb_use_builder":"on","_et_pb_old_content":"","_et_gb_content_width":"","inline_featured_image":false,"footnotes":""},"class_list":["post-11016","page","type-page","status-publish","hentry"],"acf":[],"yoast_head":"<!-- This site is optimized with the Yoast SEO plugin v25.9 - https:\/\/yoast.com\/wordpress\/plugins\/seo\/ -->\n<title>Webinare - DPC Software GmbH<\/title>\n<meta name=\"description\" content=\"Fedezze fel Stata webin\u00e1riumainkat! Tanuljon adatalap\u00fa elemz\u00e9seket, statisztik\u00e1kat \u00e9s programoz\u00e1st a Stata seg\u00edts\u00e9g\u00e9vel - tapasztalt oktat\u00f3k \u00e1ltal \u00e9rthet\u0151en elmagyar\u00e1zva. T\u00f6k\u00e9letes kezd\u0151knek \u00e9s halad\u00f3 felhaszn\u00e1l\u00f3knak. Regisztr\u00e1ljon most, \u00e9s fejlessze adatkezel\u00e9si ismereteit!\" \/>\n<meta name=\"robots\" content=\"index, follow, max-snippet:-1, max-image-preview:large, max-video-preview:-1\" \/>\n<link rel=\"canonical\" href=\"https:\/\/dpc-software.de\/hu\/webinarium-attekintes\/\" \/>\n<meta property=\"og:locale\" content=\"hu_HU\" \/>\n<meta property=\"og:type\" content=\"article\" \/>\n<meta property=\"og:title\" content=\"Webinare - DPC Software GmbH\" \/>\n<meta property=\"og:description\" content=\"Fedezze fel Stata webin\u00e1riumainkat! Tanuljon adatalap\u00fa elemz\u00e9seket, statisztik\u00e1kat \u00e9s programoz\u00e1st a Stata seg\u00edts\u00e9g\u00e9vel - tapasztalt oktat\u00f3k \u00e1ltal \u00e9rthet\u0151en elmagyar\u00e1zva. T\u00f6k\u00e9letes kezd\u0151knek \u00e9s halad\u00f3 felhaszn\u00e1l\u00f3knak. Regisztr\u00e1ljon most, \u00e9s fejlessze adatkezel\u00e9si ismereteit!\" \/>\n<meta property=\"og:url\" content=\"https:\/\/dpc-software.de\/hu\/webinarium-attekintes\/\" \/>\n<meta property=\"og:site_name\" content=\"DPC Software GmbH\" \/>\n<meta property=\"article:modified_time\" content=\"2026-03-06T12:03:54+00:00\" \/>\n<meta name=\"twitter:card\" content=\"summary_large_image\" \/>\n<meta name=\"twitter:label1\" content=\"Becs\u00fclt olvas\u00e1si id\u0151\" \/>\n\t<meta name=\"twitter:data1\" content=\"1 perc\" \/>\n<script type=\"application\/ld+json\" class=\"yoast-schema-graph\">{\"@context\":\"https:\/\/schema.org\",\"@graph\":[{\"@type\":\"WebPage\",\"@id\":\"https:\/\/dpc-software.de\/hu\/webinarium-attekintes\/\",\"url\":\"https:\/\/dpc-software.de\/hu\/webinarium-attekintes\/\",\"name\":\"Webinare - DPC Software GmbH\",\"isPartOf\":{\"@id\":\"https:\/\/dpc-software.de\/#website\"},\"datePublished\":\"2025-07-31T08:46:41+00:00\",\"dateModified\":\"2026-03-06T12:03:54+00:00\",\"description\":\"Fedezze fel Stata webin\u00e1riumainkat! Tanuljon adatalap\u00fa elemz\u00e9seket, statisztik\u00e1kat \u00e9s programoz\u00e1st a Stata seg\u00edts\u00e9g\u00e9vel - tapasztalt oktat\u00f3k \u00e1ltal \u00e9rthet\u0151en elmagyar\u00e1zva. T\u00f6k\u00e9letes kezd\u0151knek \u00e9s halad\u00f3 felhaszn\u00e1l\u00f3knak. Regisztr\u00e1ljon most, \u00e9s fejlessze adatkezel\u00e9si ismereteit!\",\"breadcrumb\":{\"@id\":\"https:\/\/dpc-software.de\/hu\/webinarium-attekintes\/#breadcrumb\"},\"inLanguage\":\"hu\",\"potentialAction\":[{\"@type\":\"ReadAction\",\"target\":[\"https:\/\/dpc-software.de\/hu\/webinarium-attekintes\/\"]}]},{\"@type\":\"BreadcrumbList\",\"@id\":\"https:\/\/dpc-software.de\/hu\/webinarium-attekintes\/#breadcrumb\",\"itemListElement\":[{\"@type\":\"ListItem\",\"position\":1,\"name\":\"Startseite\",\"item\":\"https:\/\/dpc-software.de\/hu\/\"},{\"@type\":\"ListItem\",\"position\":2,\"name\":\"Webin\u00e1rium \u00e1ttekint\u00e9s\"}]},{\"@type\":\"WebSite\",\"@id\":\"https:\/\/dpc-software.de\/#website\",\"url\":\"https:\/\/dpc-software.de\/\",\"name\":\"DPC Software GmbH\",\"description\":\"Stata and StatGraphics Distributor\",\"publisher\":{\"@id\":\"https:\/\/dpc-software.de\/#organization\"},\"potentialAction\":[{\"@type\":\"SearchAction\",\"target\":{\"@type\":\"EntryPoint\",\"urlTemplate\":\"https:\/\/dpc-software.de\/?s={search_term_string}\"},\"query-input\":{\"@type\":\"PropertyValueSpecification\",\"valueRequired\":true,\"valueName\":\"search_term_string\"}}],\"inLanguage\":\"hu\"},{\"@type\":\"Organization\",\"@id\":\"https:\/\/dpc-software.de\/#organization\",\"name\":\"DPC Software GmbH - Stata and StatGraphics Distributor\",\"url\":\"https:\/\/dpc-software.de\/\",\"logo\":{\"@type\":\"ImageObject\",\"inLanguage\":\"hu\",\"@id\":\"https:\/\/dpc-software.de\/#\/schema\/logo\/image\/\",\"url\":\"https:\/\/dpc-software.de\/wp-content\/uploads\/2018\/10\/dpc-favi.png\",\"contentUrl\":\"https:\/\/dpc-software.de\/wp-content\/uploads\/2018\/10\/dpc-favi.png\",\"width\":307,\"height\":273,\"caption\":\"DPC Software GmbH - Stata and StatGraphics Distributor\"},\"image\":{\"@id\":\"https:\/\/dpc-software.de\/#\/schema\/logo\/image\/\"}}]}<\/script>\n<!-- \/ Yoast SEO plugin. -->","yoast_head_json":{"title":"Webinare - DPC Software GmbH","description":"Fedezze fel Stata webin\u00e1riumainkat! Tanuljon adatalap\u00fa elemz\u00e9seket, statisztik\u00e1kat \u00e9s programoz\u00e1st a Stata seg\u00edts\u00e9g\u00e9vel - tapasztalt oktat\u00f3k \u00e1ltal \u00e9rthet\u0151en elmagyar\u00e1zva. T\u00f6k\u00e9letes kezd\u0151knek \u00e9s halad\u00f3 felhaszn\u00e1l\u00f3knak. Regisztr\u00e1ljon most, \u00e9s fejlessze adatkezel\u00e9si ismereteit!","robots":{"index":"index","follow":"follow","max-snippet":"max-snippet:-1","max-image-preview":"max-image-preview:large","max-video-preview":"max-video-preview:-1"},"canonical":"https:\/\/dpc-software.de\/hu\/webinarium-attekintes\/","og_locale":"hu_HU","og_type":"article","og_title":"Webinare - DPC Software GmbH","og_description":"Fedezze fel Stata webin\u00e1riumainkat! Tanuljon adatalap\u00fa elemz\u00e9seket, statisztik\u00e1kat \u00e9s programoz\u00e1st a Stata seg\u00edts\u00e9g\u00e9vel - tapasztalt oktat\u00f3k \u00e1ltal \u00e9rthet\u0151en elmagyar\u00e1zva. T\u00f6k\u00e9letes kezd\u0151knek \u00e9s halad\u00f3 felhaszn\u00e1l\u00f3knak. Regisztr\u00e1ljon most, \u00e9s fejlessze adatkezel\u00e9si ismereteit!","og_url":"https:\/\/dpc-software.de\/hu\/webinarium-attekintes\/","og_site_name":"DPC Software GmbH","article_modified_time":"2026-03-06T12:03:54+00:00","twitter_card":"summary_large_image","twitter_misc":{"Becs\u00fclt olvas\u00e1si id\u0151":"1 perc"},"schema":{"@context":"https:\/\/schema.org","@graph":[{"@type":"WebPage","@id":"https:\/\/dpc-software.de\/hu\/webinarium-attekintes\/","url":"https:\/\/dpc-software.de\/hu\/webinarium-attekintes\/","name":"Webinare - DPC Software GmbH","isPartOf":{"@id":"https:\/\/dpc-software.de\/#website"},"datePublished":"2025-07-31T08:46:41+00:00","dateModified":"2026-03-06T12:03:54+00:00","description":"Fedezze fel Stata webin\u00e1riumainkat! Tanuljon adatalap\u00fa elemz\u00e9seket, statisztik\u00e1kat \u00e9s programoz\u00e1st a Stata seg\u00edts\u00e9g\u00e9vel - tapasztalt oktat\u00f3k \u00e1ltal \u00e9rthet\u0151en elmagyar\u00e1zva. T\u00f6k\u00e9letes kezd\u0151knek \u00e9s halad\u00f3 felhaszn\u00e1l\u00f3knak. Regisztr\u00e1ljon most, \u00e9s fejlessze adatkezel\u00e9si ismereteit!","breadcrumb":{"@id":"https:\/\/dpc-software.de\/hu\/webinarium-attekintes\/#breadcrumb"},"inLanguage":"hu","potentialAction":[{"@type":"ReadAction","target":["https:\/\/dpc-software.de\/hu\/webinarium-attekintes\/"]}]},{"@type":"BreadcrumbList","@id":"https:\/\/dpc-software.de\/hu\/webinarium-attekintes\/#breadcrumb","itemListElement":[{"@type":"ListItem","position":1,"name":"Startseite","item":"https:\/\/dpc-software.de\/hu\/"},{"@type":"ListItem","position":2,"name":"Webin\u00e1rium \u00e1ttekint\u00e9s"}]},{"@type":"WebSite","@id":"https:\/\/dpc-software.de\/#website","url":"https:\/\/dpc-software.de\/","name":"DPC Software GmbH","description":"Stata and StatGraphics Distributor","publisher":{"@id":"https:\/\/dpc-software.de\/#organization"},"potentialAction":[{"@type":"SearchAction","target":{"@type":"EntryPoint","urlTemplate":"https:\/\/dpc-software.de\/?s={search_term_string}"},"query-input":{"@type":"PropertyValueSpecification","valueRequired":true,"valueName":"search_term_string"}}],"inLanguage":"hu"},{"@type":"Organization","@id":"https:\/\/dpc-software.de\/#organization","name":"DPC Software GmbH - Stata and StatGraphics Distributor","url":"https:\/\/dpc-software.de\/","logo":{"@type":"ImageObject","inLanguage":"hu","@id":"https:\/\/dpc-software.de\/#\/schema\/logo\/image\/","url":"https:\/\/dpc-software.de\/wp-content\/uploads\/2018\/10\/dpc-favi.png","contentUrl":"https:\/\/dpc-software.de\/wp-content\/uploads\/2018\/10\/dpc-favi.png","width":307,"height":273,"caption":"DPC Software GmbH - Stata and StatGraphics Distributor"},"image":{"@id":"https:\/\/dpc-software.de\/#\/schema\/logo\/image\/"}}]}},"_links":{"self":[{"href":"https:\/\/dpc-software.de\/hu\/wp-json\/wp\/v2\/pages\/11016","targetHints":{"allow":["GET"]}}],"collection":[{"href":"https:\/\/dpc-software.de\/hu\/wp-json\/wp\/v2\/pages"}],"about":[{"href":"https:\/\/dpc-software.de\/hu\/wp-json\/wp\/v2\/types\/page"}],"author":[{"embeddable":true,"href":"https:\/\/dpc-software.de\/hu\/wp-json\/wp\/v2\/users\/2"}],"replies":[{"embeddable":true,"href":"https:\/\/dpc-software.de\/hu\/wp-json\/wp\/v2\/comments?post=11016"}],"version-history":[{"count":34,"href":"https:\/\/dpc-software.de\/hu\/wp-json\/wp\/v2\/pages\/11016\/revisions"}],"predecessor-version":[{"id":12790,"href":"https:\/\/dpc-software.de\/hu\/wp-json\/wp\/v2\/pages\/11016\/revisions\/12790"}],"wp:attachment":[{"href":"https:\/\/dpc-software.de\/hu\/wp-json\/wp\/v2\/media?parent=11016"}],"curies":[{"name":"wp","href":"https:\/\/api.w.org\/{rel}","templated":true}]}}