{"id":1078,"date":"2017-10-06T09:50:38","date_gmt":"2017-10-06T07:50:38","guid":{"rendered":"http:\/\/neu.dpc-software.de\/ueber-uns\/"},"modified":"2021-01-04T12:08:03","modified_gmt":"2021-01-04T11:08:03","slug":"ueber-uns","status":"publish","type":"page","link":"https:\/\/dpc-software.de\/nl\/ueber-uns\/","title":{"rendered":"ONDERNEMING"},"content":{"rendered":"<p>[et_pb_section fb_built=&#8221;1&#8243; module_class=&#8221;first-content&#8221; _builder_version=&#8221;3.22&#8243; background_color=&#8221;#f7f7f7&#8243;][et_pb_row _builder_version=&#8221;3.25&#8243; background_size=&#8221;initial&#8221; background_position=&#8221;top_left&#8221; background_repeat=&#8221;repeat&#8221;][et_pb_column type=&#8221;4_4&#8243; _builder_version=&#8221;3.25&#8243; custom_padding=&#8221;|||&#8221; custom_padding__hover=&#8221;|||&#8221;][et_pb_text _builder_version=&#8221;3.27.4&#8243; background_color=&#8221;#f7f7f7&#8243; text_orientation=&#8221;center&#8221; module_alignment=&#8221;center&#8221;]<\/p>\n<h1>ONDERNEMING<\/h1>\n<p>[\/et_pb_text][\/et_pb_column][\/et_pb_row][\/et_pb_section][et_pb_section fb_built=&#8221;1&#8243; module_class=&#8221;volle-breite same-height column-50 height-image &#8221; _builder_version=&#8221;3.22&#8243; custom_padding=&#8221;0px||0px|0px&#8221;][et_pb_row module_class=&#8221; et_pb_row_fullwidth&#8221; _builder_version=&#8221;3.25&#8243; background_size=&#8221;initial&#8221; background_position=&#8221;top_left&#8221; background_repeat=&#8221;repeat&#8221; width=&#8221;89%&#8221; width_tablet=&#8221;80%&#8221; width_last_edited=&#8221;on|desktop&#8221; max_width=&#8221;89%&#8221; max_width_tablet=&#8221;80%&#8221; max_width_last_edited=&#8221;on|desktop&#8221; custom_padding=&#8221;0px|0px|0px|0px&#8221; make_fullwidth=&#8221;on&#8221; column_structure=&#8221;1_2,1_2&#8243;][et_pb_column type=&#8221;1_2&#8243; _builder_version=&#8221;3.25&#8243; custom_padding=&#8221;|||&#8221; custom_padding__hover=&#8221;|||&#8221;][et_pb_image src=&#8221;https:\/\/dpc-software.de\/wp-content\/uploads\/2018\/07\/DPC-Software_web.jpg&#8221; align_tablet=&#8221;center&#8221; align_last_edited=&#8221;on|desktop&#8221; _builder_version=&#8221;3.23&#8243;][\/et_pb_image][\/et_pb_column][et_pb_column type=&#8221;1_2&#8243; module_class=&#8221;abstand&#8221; _builder_version=&#8221;3.25&#8243; background_color=&#8221;#ffffff&#8221; custom_padding=&#8221;0px|0px|0px|0px&#8221; custom_padding__hover=&#8221;|||&#8221;][et_pb_text _builder_version=&#8221;3.27.4&#8243; background_color=&#8221;#ffffff&#8221;]<\/p>\n<h2>Dittrich &amp; Partner Consulting GmbH<\/h2>\n<p>wij onderscheiden ons in het bijzonder door effici\u00ebntie, flexibiliteit en onze optimale klantenori\u00ebntatie. Onze kerntaken en competenties liggen hoofdzakelijk in de data-analyse en statistiek.<\/p>\n<p>[\/et_pb_text][\/et_pb_column][\/et_pb_row][\/et_pb_section][et_pb_section fb_built=&#8221;1&#8243; module_class=&#8221;abschluss&#8221; _builder_version=&#8221;3.22&#8243; background_color=&#8221;#e2001a&#8221; custom_padding=&#8221;54px|0px|52px|0px&#8221;][et_pb_row _builder_version=&#8221;3.25&#8243; background_size=&#8221;initial&#8221; background_position=&#8221;top_left&#8221; background_repeat=&#8221;repeat&#8221;][et_pb_column type=&#8221;4_4&#8243; _builder_version=&#8221;3.25&#8243; custom_padding=&#8221;|||&#8221; custom_padding__hover=&#8221;|||&#8221;][et_pb_text _builder_version=&#8221;3.27.4&#8243; text_orientation=&#8221;center&#8221; background_layout=&#8221;dark&#8221; module_alignment=&#8221;center&#8221;]<\/p>\n<h2>Uw Contactpersoon<\/h2>\n<p>[\/et_pb_text][\/et_pb_column][\/et_pb_row][et_pb_row _builder_version=&#8221;3.25&#8243; column_structure=&#8221;1_4,1_2,1_4&#8243;][et_pb_column type=&#8221;1_4&#8243; _builder_version=&#8221;3.25&#8243; custom_padding=&#8221;|||&#8221; custom_padding__hover=&#8221;|||&#8221;][\/et_pb_column][et_pb_column type=&#8221;1_2&#8243; _builder_version=&#8221;3.25&#8243; custom_padding=&#8221;|||&#8221; custom_padding__hover=&#8221;|||&#8221;][et_pb_text _builder_version=&#8221;3.27.4&#8243;]<\/p>\n<p>Vragen en bestellingen kunt u sturen aan:<br \/>\ne-mail: <a href=\"mailto:info@dpc-software.nl\">info@dpc-software.nl<\/a><br \/>\ntelefoon <a href=\"http:\/\/+31 (0)76-5302330\">+31 (0)76-5302330<\/a><\/p>\n<p>[\/et_pb_text][\/et_pb_column][et_pb_column type=&#8221;1_4&#8243; _builder_version=&#8221;3.25&#8243; custom_padding=&#8221;|||&#8221; custom_padding__hover=&#8221;|||&#8221;][\/et_pb_column][\/et_pb_row][\/et_pb_section]<\/p>\n","protected":false},"excerpt":{"rendered":"<p>ONDERNEMING Dittrich &amp; Partner Consulting GmbH wij onderscheiden ons in het bijzonder door effici\u00ebntie, flexibiliteit en onze optimale klantenori\u00ebntatie. Onze kerntaken en competenties liggen hoofdzakelijk in de data-analyse en statistiek.Uw Contactpersoon Vragen en bestellingen kunt u sturen aan: e-mail: info@dpc-software.nl telefoon +31 (0)76-5302330<\/p>\n","protected":false},"author":1,"featured_media":0,"parent":0,"menu_order":0,"comment_status":"closed","ping_status":"closed","template":"","meta":{"_acf_changed":false,"_et_pb_use_builder":"on","_et_pb_old_content":"","_et_gb_content_width":"","inline_featured_image":false,"footnotes":""},"class_list":["post-1078","page","type-page","status-publish","hentry"],"acf":[],"yoast_head":"<!-- This site is optimized with the Yoast SEO plugin v25.9 - https:\/\/yoast.com\/wordpress\/plugins\/seo\/ -->\n<title>\u00dcber uns | DPC Statistiksoftware<\/title>\n<meta name=\"description\" content=\"\u00dcber uns: DPC leistet seit 1981 Unterst\u00fctzung bei der Konzeption und Realisierung komplexer und intelligenter IT-L\u00f6sungen.\" \/>\n<meta name=\"robots\" content=\"index, follow, max-snippet:-1, max-image-preview:large, max-video-preview:-1\" \/>\n<link rel=\"canonical\" href=\"https:\/\/dpc-software.de\/nl\/ueber-uns\/\" \/>\n<meta property=\"og:locale\" content=\"nl_NL\" \/>\n<meta property=\"og:type\" content=\"article\" \/>\n<meta property=\"og:title\" content=\"\u00dcber uns | DPC Statistiksoftware\" \/>\n<meta property=\"og:description\" content=\"\u00dcber uns: DPC leistet seit 1981 Unterst\u00fctzung bei der Konzeption und Realisierung komplexer und intelligenter IT-L\u00f6sungen.\" \/>\n<meta property=\"og:url\" content=\"https:\/\/dpc-software.de\/nl\/ueber-uns\/\" \/>\n<meta property=\"og:site_name\" content=\"DPC Software GmbH\" \/>\n<meta property=\"article:modified_time\" content=\"2021-01-04T11:08:03+00:00\" \/>\n<meta name=\"twitter:card\" content=\"summary_large_image\" \/>\n<meta name=\"twitter:label1\" content=\"Geschatte leestijd\" \/>\n\t<meta name=\"twitter:data1\" content=\"2 minuten\" \/>\n<script type=\"application\/ld+json\" class=\"yoast-schema-graph\">{\"@context\":\"https:\/\/schema.org\",\"@graph\":[{\"@type\":\"WebPage\",\"@id\":\"https:\/\/dpc-software.de\/nl\/ueber-uns\/\",\"url\":\"https:\/\/dpc-software.de\/nl\/ueber-uns\/\",\"name\":\"\u00dcber uns | DPC Statistiksoftware\",\"isPartOf\":{\"@id\":\"https:\/\/dpc-software.de\/#website\"},\"datePublished\":\"2017-10-06T07:50:38+00:00\",\"dateModified\":\"2021-01-04T11:08:03+00:00\",\"description\":\"\u00dcber uns: DPC leistet seit 1981 Unterst\u00fctzung bei der Konzeption und Realisierung komplexer und intelligenter IT-L\u00f6sungen.\",\"breadcrumb\":{\"@id\":\"https:\/\/dpc-software.de\/nl\/ueber-uns\/#breadcrumb\"},\"inLanguage\":\"nl\",\"potentialAction\":[{\"@type\":\"ReadAction\",\"target\":[\"https:\/\/dpc-software.de\/nl\/ueber-uns\/\"]}]},{\"@type\":\"BreadcrumbList\",\"@id\":\"https:\/\/dpc-software.de\/nl\/ueber-uns\/#breadcrumb\",\"itemListElement\":[{\"@type\":\"ListItem\",\"position\":1,\"name\":\"Startseite\",\"item\":\"https:\/\/dpc-software.de\/nl\/neue-startseite-2024\/\"},{\"@type\":\"ListItem\",\"position\":2,\"name\":\"ONDERNEMING\"}]},{\"@type\":\"WebSite\",\"@id\":\"https:\/\/dpc-software.de\/#website\",\"url\":\"https:\/\/dpc-software.de\/\",\"name\":\"DPC Software GmbH\",\"description\":\"Stata and StatGraphics Distributor\",\"publisher\":{\"@id\":\"https:\/\/dpc-software.de\/#organization\"},\"potentialAction\":[{\"@type\":\"SearchAction\",\"target\":{\"@type\":\"EntryPoint\",\"urlTemplate\":\"https:\/\/dpc-software.de\/?s={search_term_string}\"},\"query-input\":{\"@type\":\"PropertyValueSpecification\",\"valueRequired\":true,\"valueName\":\"search_term_string\"}}],\"inLanguage\":\"nl\"},{\"@type\":\"Organization\",\"@id\":\"https:\/\/dpc-software.de\/#organization\",\"name\":\"DPC Software GmbH - Stata and StatGraphics Distributor\",\"url\":\"https:\/\/dpc-software.de\/\",\"logo\":{\"@type\":\"ImageObject\",\"inLanguage\":\"nl\",\"@id\":\"https:\/\/dpc-software.de\/#\/schema\/logo\/image\/\",\"url\":\"https:\/\/dpc-software.de\/wp-content\/uploads\/2018\/10\/dpc-favi.png\",\"contentUrl\":\"https:\/\/dpc-software.de\/wp-content\/uploads\/2018\/10\/dpc-favi.png\",\"width\":307,\"height\":273,\"caption\":\"DPC Software GmbH - Stata and StatGraphics Distributor\"},\"image\":{\"@id\":\"https:\/\/dpc-software.de\/#\/schema\/logo\/image\/\"}}]}<\/script>\n<!-- \/ Yoast SEO plugin. -->","yoast_head_json":{"title":"\u00dcber uns | DPC Statistiksoftware","description":"\u00dcber uns: DPC leistet seit 1981 Unterst\u00fctzung bei der Konzeption und Realisierung komplexer und intelligenter IT-L\u00f6sungen.","robots":{"index":"index","follow":"follow","max-snippet":"max-snippet:-1","max-image-preview":"max-image-preview:large","max-video-preview":"max-video-preview:-1"},"canonical":"https:\/\/dpc-software.de\/nl\/ueber-uns\/","og_locale":"nl_NL","og_type":"article","og_title":"\u00dcber uns | DPC Statistiksoftware","og_description":"\u00dcber uns: DPC leistet seit 1981 Unterst\u00fctzung bei der Konzeption und Realisierung komplexer und intelligenter IT-L\u00f6sungen.","og_url":"https:\/\/dpc-software.de\/nl\/ueber-uns\/","og_site_name":"DPC Software GmbH","article_modified_time":"2021-01-04T11:08:03+00:00","twitter_card":"summary_large_image","twitter_misc":{"Geschatte leestijd":"2 minuten"},"schema":{"@context":"https:\/\/schema.org","@graph":[{"@type":"WebPage","@id":"https:\/\/dpc-software.de\/nl\/ueber-uns\/","url":"https:\/\/dpc-software.de\/nl\/ueber-uns\/","name":"\u00dcber uns | DPC Statistiksoftware","isPartOf":{"@id":"https:\/\/dpc-software.de\/#website"},"datePublished":"2017-10-06T07:50:38+00:00","dateModified":"2021-01-04T11:08:03+00:00","description":"\u00dcber uns: DPC leistet seit 1981 Unterst\u00fctzung bei der Konzeption und Realisierung komplexer und intelligenter IT-L\u00f6sungen.","breadcrumb":{"@id":"https:\/\/dpc-software.de\/nl\/ueber-uns\/#breadcrumb"},"inLanguage":"nl","potentialAction":[{"@type":"ReadAction","target":["https:\/\/dpc-software.de\/nl\/ueber-uns\/"]}]},{"@type":"BreadcrumbList","@id":"https:\/\/dpc-software.de\/nl\/ueber-uns\/#breadcrumb","itemListElement":[{"@type":"ListItem","position":1,"name":"Startseite","item":"https:\/\/dpc-software.de\/nl\/neue-startseite-2024\/"},{"@type":"ListItem","position":2,"name":"ONDERNEMING"}]},{"@type":"WebSite","@id":"https:\/\/dpc-software.de\/#website","url":"https:\/\/dpc-software.de\/","name":"DPC Software GmbH","description":"Stata and StatGraphics Distributor","publisher":{"@id":"https:\/\/dpc-software.de\/#organization"},"potentialAction":[{"@type":"SearchAction","target":{"@type":"EntryPoint","urlTemplate":"https:\/\/dpc-software.de\/?s={search_term_string}"},"query-input":{"@type":"PropertyValueSpecification","valueRequired":true,"valueName":"search_term_string"}}],"inLanguage":"nl"},{"@type":"Organization","@id":"https:\/\/dpc-software.de\/#organization","name":"DPC Software GmbH - Stata and StatGraphics Distributor","url":"https:\/\/dpc-software.de\/","logo":{"@type":"ImageObject","inLanguage":"nl","@id":"https:\/\/dpc-software.de\/#\/schema\/logo\/image\/","url":"https:\/\/dpc-software.de\/wp-content\/uploads\/2018\/10\/dpc-favi.png","contentUrl":"https:\/\/dpc-software.de\/wp-content\/uploads\/2018\/10\/dpc-favi.png","width":307,"height":273,"caption":"DPC Software GmbH - Stata and StatGraphics Distributor"},"image":{"@id":"https:\/\/dpc-software.de\/#\/schema\/logo\/image\/"}}]}},"_links":{"self":[{"href":"https:\/\/dpc-software.de\/nl\/wp-json\/wp\/v2\/pages\/1078","targetHints":{"allow":["GET"]}}],"collection":[{"href":"https:\/\/dpc-software.de\/nl\/wp-json\/wp\/v2\/pages"}],"about":[{"href":"https:\/\/dpc-software.de\/nl\/wp-json\/wp\/v2\/types\/page"}],"author":[{"embeddable":true,"href":"https:\/\/dpc-software.de\/nl\/wp-json\/wp\/v2\/users\/1"}],"replies":[{"embeddable":true,"href":"https:\/\/dpc-software.de\/nl\/wp-json\/wp\/v2\/comments?post=1078"}],"version-history":[{"count":9,"href":"https:\/\/dpc-software.de\/nl\/wp-json\/wp\/v2\/pages\/1078\/revisions"}],"predecessor-version":[{"id":3725,"href":"https:\/\/dpc-software.de\/nl\/wp-json\/wp\/v2\/pages\/1078\/revisions\/3725"}],"wp:attachment":[{"href":"https:\/\/dpc-software.de\/nl\/wp-json\/wp\/v2\/media?parent=1078"}],"curies":[{"name":"wp","href":"https:\/\/api.w.org\/{rel}","templated":true}]}}