{"id":1108,"date":"2017-11-21T15:32:42","date_gmt":"2017-11-21T14:32:42","guid":{"rendered":"http:\/\/neu.dpc-software.de\/stata\/funktionen\/"},"modified":"2024-10-30T13:04:10","modified_gmt":"2024-10-30T12:04:10","slug":"funktionen","status":"publish","type":"page","link":"https:\/\/dpc-software.de\/nl\/funktionen\/","title":{"rendered":"Functies"},"content":{"rendered":"<p>[et_pb_section fb_built=&#8221;1&#8243; module_class=&#8221;first-content&#8221; _builder_version=&#8221;4.16&#8243; background_color=&#8221;#f7f7f7&#8243; global_colors_info=&#8221;{}&#8221;][et_pb_row _builder_version=&#8221;4.16&#8243; background_size=&#8221;initial&#8221; background_position=&#8221;top_left&#8221; background_repeat=&#8221;repeat&#8221; global_colors_info=&#8221;{}&#8221;][et_pb_column type=&#8221;4_4&#8243; _builder_version=&#8221;4.16&#8243; custom_padding=&#8221;|||&#8221; global_colors_info=&#8221;{}&#8221; custom_padding__hover=&#8221;|||&#8221;][et_pb_text _builder_version=&#8221;4.16&#8243; background_color=&#8221;#f7f7f7&#8243; text_orientation=&#8221;center&#8221; module_alignment=&#8221;center&#8221; global_colors_info=&#8221;{}&#8221;]<\/p>\n<h1>Functies<\/h1>\n<p>[\/et_pb_text][\/et_pb_column][\/et_pb_row][\/et_pb_section][et_pb_section fb_built=&#8221;1&#8243; module_class=&#8221;volle-breite same-height column-50 height-image &#8221; _builder_version=&#8221;4.16&#8243; custom_padding=&#8221;0px||0px|0px&#8221; global_colors_info=&#8221;{}&#8221;][et_pb_row module_class=&#8221; et_pb_row_fullwidth&#8221; _builder_version=&#8221;4.16&#8243; background_size=&#8221;initial&#8221; background_position=&#8221;top_left&#8221; background_repeat=&#8221;repeat&#8221; width=&#8221;89%&#8221; width_tablet=&#8221;80%&#8221; width_last_edited=&#8221;on|desktop&#8221; max_width=&#8221;89%&#8221; max_width_tablet=&#8221;80%&#8221; max_width_last_edited=&#8221;on|desktop&#8221; custom_padding=&#8221;0px|0px|0px|0px&#8221; make_fullwidth=&#8221;on&#8221; global_colors_info=&#8221;{}&#8221; column_structure=&#8221;1_2,1_2&#8243; width_phone=&#8221;80%&#8221; max_width_phone=&#8221;80%&#8221;][et_pb_column type=&#8221;1_2&#8243; _builder_version=&#8221;4.16&#8243; custom_padding=&#8221;|||&#8221; global_colors_info=&#8221;{}&#8221; custom_padding__hover=&#8221;|||&#8221;][et_pb_image src=&#8221;https:\/\/dpc-software.de\/wp-content\/uploads\/2018\/07\/DPC-Software_web.jpg&#8221; align_tablet=&#8221;center&#8221; align_last_edited=&#8221;on|desktop&#8221; _builder_version=&#8221;4.16&#8243; global_colors_info=&#8221;{}&#8221; align_phone=&#8221;center&#8221;][\/et_pb_image][\/et_pb_column][et_pb_column type=&#8221;1_2&#8243; module_class=&#8221;abstand&#8221; _builder_version=&#8221;4.16&#8243; background_color=&#8221;#ffffff&#8221; custom_padding=&#8221;0px|0px|0px|0px&#8221; global_colors_info=&#8221;{}&#8221; custom_padding__hover=&#8221;|||&#8221;][et_pb_text _builder_version=&#8221;4.16&#8243; background_color=&#8221;#ffffff&#8221; global_colors_info=&#8221;{}&#8221;]Stata is een compleet, ge\u00efntegreerd statistisch softwarepakket dat alles wat u nodig heeft voor data-analyse, data management en graphics. Met zowel een point-and-click interface als een krachtige, intu\u00eftieve commando-syntax is Stata snel, accuraat en makkelijk te gebruiken. Alle analyses kunnen worden gereproduceerd en gedocumenteerd voor publicatie en beoordeling. Versiebeheer zorgt ervoor dat de scripts voor uw analyses dezelfde resultaten blijven produceren, ongeacht wanneer ze werden geschreven.<\/p>\n<p>Bijzonder te vermelden is, dat de door middel van Stata bereikte resultaten door de FDA (Food and Drugs Administration) in de USA geaccepteerd worden.<\/p>\n<p><a href=\"\/nl\/stata\/funktionen\/stata-features\/\">Overzicht van de Stata functies<\/a><br \/>\n[\/et_pb_text][\/et_pb_column][\/et_pb_row][\/et_pb_section][et_pb_section fb_built=&#8221;1&#8243; module_class=&#8221;volle-breite same-height&#8221; _builder_version=&#8221;3.0.78&#8243; max_width=&#8221;80%&#8221; custom_padding=&#8221;0px||0px|0px&#8221; custom_css_main_element=&#8221;margin: 0 auto;&#8221; global_module=&#8221;2358&#8243; global_colors_info=&#8221;{}&#8221;][et_pb_row _builder_version=&#8221;4.16&#8243; background_size=&#8221;initial&#8221; background_position=&#8221;top_left&#8221; background_repeat=&#8221;repeat&#8221; module_alignment=&#8221;center&#8221; global_colors_info=&#8221;{}&#8221;][et_pb_column type=&#8221;4_4&#8243; module_class=&#8221;height-image &#8221; _builder_version=&#8221;4.16&#8243; custom_padding=&#8221;25px|||&#8221; global_colors_info=&#8221;{}&#8221; custom_padding__hover=&#8221;|||&#8221;][et_pb_tabs _builder_version=&#8221;4.16&#8243; global_colors_info=&#8221;{}&#8221;][et_pb_tab title=&#8221;Systeemvoorwaarden&#8221; _builder_version=&#8221;4.16&#8243; body_font=&#8221;||||&#8221; tab_font=&#8221;||||&#8221; global_colors_info=&#8221;{}&#8221;]<\/p>\n<h3>Stata for Windows<\/h3>\n<ul>\n<li>Windows 10*<\/li>\n<li>Windows 8*<\/li>\n<li>Windows 7*<\/li>\n<li>Windows Server 2019, 2016, 2012, 2008*<\/li>\n<\/ul>\n<p>* 64-bit Windows varieties for x86-64 and x86 processors made by Intel\u00ae and AMD<\/p>\n<h3>Stata for Mac<\/h3>\n<ul>\n<li>Stata for Mac requires 64-bit Intel\u00ae processors (Core 2 Duo or better) running macOS 10.11 or newer<\/li>\n<\/ul>\n<h3>Stata for Linux<\/h3>\n<ul>\n<li>Any 64-bit (x86-64 or compatible)<\/li>\n<li>For xstata, you need to have GTK 2.24 installed<\/li>\n<\/ul>\n<h3>Hardware Requirements<\/h3>\n<ul>\n<li>Minimum of 1 GB of RAM for IC, 2 GB RAM for SE, 4 GB RAM for MP<\/li>\n<li>Minimum of 1 GB of disk space<\/li>\n<li>Stata for Unix requires a video card that can display thousands of colors or more (16-bit or 24-bit color)<\/li>\n<\/ul>\n<p><a href=\"https:\/\/www.stata.com\/products\/compatible-operating-systems-mp\/\" target=\"_blank\" rel=\"noopener\">Hardware requirements for dual-core, multi-core or multi processor computer<\/a><\/p>\n<p>[\/et_pb_tab][et_pb_tab title=&#8221;Updates&#8221; _builder_version=&#8221;4.16&#8243; body_font=&#8221;||||&#8221; tab_font=&#8221;||||&#8221; global_colors_info=&#8221;{}&#8221;]<\/p>\n<p>Updates<\/p>\n<p>U wilt graag uw Stata versie actueel houden? Geeft u daarvoor in het programma &#8220;update query&#8221; in. Dan zal Stata u aangeven of er updates beschikbaar zijn en hoe deze te verkrijgen zijn.<\/p>\n<p>Heeft u Stata niet open, dan kunt u hier kijken of er updates voor u zijn:<\/p>\n<p><a href=\"https:\/\/www.stata.com\/support\/updates\/\">Gratis updates voor Stata 16<\/a><br \/><a href=\"https:\/\/www.stata.com\/support\/updates\/\">Gratis updates voor Stata 15<\/a><br \/><a href=\"https:\/\/www.stata.com\/support\/updates\/\">Gratis updates voor Stata 14<\/a><br \/><a href=\"https:\/\/www.stata.com\/support\/updates\/stata13.html\">Gratis updates voor Stata 13<\/a><br \/><a href=\"https:\/\/www.stata.com\/support\/updates\/stata12.html\">Gratis updates voor Stata 12<\/a><br \/><a href=\"https:\/\/www.stata.com\/support\/updates\/stata11.html\">Gratis updates voor Stata 11<\/a><\/p>\n<p>Download de Stata Executables en Ado-files voor uw systeem.<\/p>\n<p>[\/et_pb_tab][et_pb_tab title=&#8221;Links&#8221; _builder_version=&#8221;4.16&#8243; body_font=&#8221;||||&#8221; tab_font=&#8221;||||&#8221; global_colors_info=&#8221;{}&#8221;]<\/p>\n<p><a href=\"http:\/\/www.stata.com\/\" target=\"_blank\" rel=\"noopener\">Stata Homepage<\/a><\/p>\n<p><a href=\"https:\/\/www.stata.com\/support\/updates\/\" target=\"_blank\" rel=\"noopener\">Updates voor Stata kunt u kostenloos downloaden<\/a><\/p>\n<p><a href=\"http:\/\/www.stattransfer.com\/html\/downloads.html\" target=\"_blank\" rel=\"noopener\">Stat\/Transfer test versie<\/a><\/p>\n<p><a href=\"https:\/\/www.stata-journal.com\/\" target=\"_blank\" rel=\"noopener\">Stata Journal<\/a><\/p>\n<p><a href=\"https:\/\/www.stata.com\/stata-news\/\" target=\"_blank\" rel=\"noopener\">Stata News<\/a><\/p>\n<p><a href=\"https:\/\/www.stata-press.com\/\" target=\"_blank\" rel=\"noopener\">Stata Press<\/a><\/p>\n<p><a href=\"https:\/\/stats.idre.ucla.edu\/\" target=\"_blank\" rel=\"noopener\">Learning Stata<\/a><\/p>\n<p><a href=\"https:\/\/www.stata.com\/netcourse\/\" target=\"_blank\" rel=\"noopener\">Stata Netcourses<\/a><\/p>\n<p><a href=\"http:\/\/www.panelwhiz.eu\/docs\/PanelWhiz_Introduction.pdf\" target=\"_blank\" rel=\"noopener\">PanelWhiz Dokumentation (PDF)<\/a><\/p>\n<p><a href=\"http:\/\/www.panelwhiz.eu\/\" target=\"_blank\" rel=\"noopener\">PanelWhiz voor Stata<\/a><\/p>\n<p><a href=\"https:\/\/www.stata.com\/support\/faqs\/\" target=\"_blank\" rel=\"noopener\">Stata FAQ<\/a><\/p>\n<p><a href=\"http:\/\/www.stata.com\/statalist\/\" target=\"_blank\" rel=\"noopener\">StataList<\/a><\/p>\n<p>[\/et_pb_tab][\/et_pb_tabs][\/et_pb_column][\/et_pb_row][\/et_pb_section]<\/p>\n","protected":false},"excerpt":{"rendered":"<p>Functies Stata is een compleet, ge\u00efntegreerd statistisch softwarepakket dat alles wat u nodig heeft voor data-analyse, data management en graphics. Met zowel een point-and-click interface als een krachtige, intu\u00eftieve commando-syntax is Stata snel, accuraat en makkelijk te gebruiken. Alle analyses kunnen worden gereproduceerd en gedocumenteerd voor publicatie en beoordeling. Versiebeheer zorgt ervoor dat de scripts voor uw analyses dezelfde resultaten blijven produceren, ongeacht wanneer ze werden geschreven. Bijzonder te vermelden is, dat de door middel van Stata bereikte resultaten door de FDA (Food and Drugs Administration) in de USA geaccepteerd worden. Overzicht van de Stata functies Stata for Windows Windows 10* Windows 8* Windows 7* Windows Server 2019, 2016, 2012, 2008* * 64-bit Windows varieties for x86-64 and x86 processors made by Intel\u00ae and AMD Stata for Mac Stata for Mac requires 64-bit Intel\u00ae processors (Core 2 Duo or better) running macOS 10.11 or newer Stata for Linux Any 64-bit (x86-64 or compatible) For xstata, you need to have GTK 2.24 installed Hardware Requirements Minimum of 1 GB of RAM for IC, 2 GB RAM for SE, 4 GB RAM for MP Minimum of 1 GB of disk space Stata for Unix requires a video card that can display thousands [&hellip;]<\/p>\n","protected":false},"author":1,"featured_media":0,"parent":0,"menu_order":0,"comment_status":"closed","ping_status":"closed","template":"","meta":{"_acf_changed":false,"_et_pb_use_builder":"on","_et_pb_old_content":"","_et_gb_content_width":"","inline_featured_image":false,"footnotes":""},"class_list":["post-1108","page","type-page","status-publish","hentry"],"acf":[],"yoast_head":"<!-- This site is optimized with the Yoast SEO plugin v25.9 - https:\/\/yoast.com\/wordpress\/plugins\/seo\/ -->\n<title>Funktionen | DPC Statistiksoftware<\/title>\n<meta name=\"description\" content=\"Funktionen: Stata enth\u00e4lt ein st\u00e4ndig erweitertes Spektrum statistischer Methoden einschlie\u00dflich modernster statistischer Entwicklungen.\" \/>\n<meta name=\"robots\" content=\"index, follow, max-snippet:-1, max-image-preview:large, max-video-preview:-1\" \/>\n<link rel=\"canonical\" href=\"https:\/\/dpc-software.de\/nl\/funktionen\/\" \/>\n<meta property=\"og:locale\" content=\"nl_NL\" \/>\n<meta property=\"og:type\" content=\"article\" \/>\n<meta property=\"og:title\" content=\"Funktionen | DPC Statistiksoftware\" \/>\n<meta property=\"og:description\" content=\"Funktionen: Stata enth\u00e4lt ein st\u00e4ndig erweitertes Spektrum statistischer Methoden einschlie\u00dflich modernster statistischer Entwicklungen.\" \/>\n<meta property=\"og:url\" content=\"https:\/\/dpc-software.de\/nl\/funktionen\/\" \/>\n<meta property=\"og:site_name\" content=\"DPC Software GmbH\" \/>\n<meta property=\"article:modified_time\" content=\"2024-10-30T12:04:10+00:00\" \/>\n<meta name=\"twitter:card\" content=\"summary_large_image\" \/>\n<meta name=\"twitter:label1\" content=\"Geschatte leestijd\" \/>\n\t<meta name=\"twitter:data1\" content=\"3 minuten\" \/>\n<script type=\"application\/ld+json\" class=\"yoast-schema-graph\">{\"@context\":\"https:\/\/schema.org\",\"@graph\":[{\"@type\":\"WebPage\",\"@id\":\"https:\/\/dpc-software.de\/nl\/funktionen\/\",\"url\":\"https:\/\/dpc-software.de\/nl\/funktionen\/\",\"name\":\"Funktionen | DPC Statistiksoftware\",\"isPartOf\":{\"@id\":\"https:\/\/dpc-software.de\/#website\"},\"datePublished\":\"2017-11-21T14:32:42+00:00\",\"dateModified\":\"2024-10-30T12:04:10+00:00\",\"description\":\"Funktionen: Stata enth\u00e4lt ein st\u00e4ndig erweitertes Spektrum statistischer Methoden einschlie\u00dflich modernster statistischer Entwicklungen.\",\"breadcrumb\":{\"@id\":\"https:\/\/dpc-software.de\/nl\/funktionen\/#breadcrumb\"},\"inLanguage\":\"nl\",\"potentialAction\":[{\"@type\":\"ReadAction\",\"target\":[\"https:\/\/dpc-software.de\/nl\/funktionen\/\"]}]},{\"@type\":\"BreadcrumbList\",\"@id\":\"https:\/\/dpc-software.de\/nl\/funktionen\/#breadcrumb\",\"itemListElement\":[{\"@type\":\"ListItem\",\"position\":1,\"name\":\"Startseite\",\"item\":\"https:\/\/dpc-software.de\/nl\/neue-startseite-2024\/\"},{\"@type\":\"ListItem\",\"position\":2,\"name\":\"Functies\"}]},{\"@type\":\"WebSite\",\"@id\":\"https:\/\/dpc-software.de\/#website\",\"url\":\"https:\/\/dpc-software.de\/\",\"name\":\"DPC Software GmbH\",\"description\":\"Stata and StatGraphics Distributor\",\"publisher\":{\"@id\":\"https:\/\/dpc-software.de\/#organization\"},\"potentialAction\":[{\"@type\":\"SearchAction\",\"target\":{\"@type\":\"EntryPoint\",\"urlTemplate\":\"https:\/\/dpc-software.de\/?s={search_term_string}\"},\"query-input\":{\"@type\":\"PropertyValueSpecification\",\"valueRequired\":true,\"valueName\":\"search_term_string\"}}],\"inLanguage\":\"nl\"},{\"@type\":\"Organization\",\"@id\":\"https:\/\/dpc-software.de\/#organization\",\"name\":\"DPC Software GmbH - Stata and StatGraphics Distributor\",\"url\":\"https:\/\/dpc-software.de\/\",\"logo\":{\"@type\":\"ImageObject\",\"inLanguage\":\"nl\",\"@id\":\"https:\/\/dpc-software.de\/#\/schema\/logo\/image\/\",\"url\":\"https:\/\/dpc-software.de\/wp-content\/uploads\/2018\/10\/dpc-favi.png\",\"contentUrl\":\"https:\/\/dpc-software.de\/wp-content\/uploads\/2018\/10\/dpc-favi.png\",\"width\":307,\"height\":273,\"caption\":\"DPC Software GmbH - Stata and StatGraphics Distributor\"},\"image\":{\"@id\":\"https:\/\/dpc-software.de\/#\/schema\/logo\/image\/\"}}]}<\/script>\n<!-- \/ Yoast SEO plugin. -->","yoast_head_json":{"title":"Funktionen | DPC Statistiksoftware","description":"Funktionen: Stata enth\u00e4lt ein st\u00e4ndig erweitertes Spektrum statistischer Methoden einschlie\u00dflich modernster statistischer Entwicklungen.","robots":{"index":"index","follow":"follow","max-snippet":"max-snippet:-1","max-image-preview":"max-image-preview:large","max-video-preview":"max-video-preview:-1"},"canonical":"https:\/\/dpc-software.de\/nl\/funktionen\/","og_locale":"nl_NL","og_type":"article","og_title":"Funktionen | DPC Statistiksoftware","og_description":"Funktionen: Stata enth\u00e4lt ein st\u00e4ndig erweitertes Spektrum statistischer Methoden einschlie\u00dflich modernster statistischer Entwicklungen.","og_url":"https:\/\/dpc-software.de\/nl\/funktionen\/","og_site_name":"DPC Software GmbH","article_modified_time":"2024-10-30T12:04:10+00:00","twitter_card":"summary_large_image","twitter_misc":{"Geschatte leestijd":"3 minuten"},"schema":{"@context":"https:\/\/schema.org","@graph":[{"@type":"WebPage","@id":"https:\/\/dpc-software.de\/nl\/funktionen\/","url":"https:\/\/dpc-software.de\/nl\/funktionen\/","name":"Funktionen | DPC Statistiksoftware","isPartOf":{"@id":"https:\/\/dpc-software.de\/#website"},"datePublished":"2017-11-21T14:32:42+00:00","dateModified":"2024-10-30T12:04:10+00:00","description":"Funktionen: Stata enth\u00e4lt ein st\u00e4ndig erweitertes Spektrum statistischer Methoden einschlie\u00dflich modernster statistischer Entwicklungen.","breadcrumb":{"@id":"https:\/\/dpc-software.de\/nl\/funktionen\/#breadcrumb"},"inLanguage":"nl","potentialAction":[{"@type":"ReadAction","target":["https:\/\/dpc-software.de\/nl\/funktionen\/"]}]},{"@type":"BreadcrumbList","@id":"https:\/\/dpc-software.de\/nl\/funktionen\/#breadcrumb","itemListElement":[{"@type":"ListItem","position":1,"name":"Startseite","item":"https:\/\/dpc-software.de\/nl\/neue-startseite-2024\/"},{"@type":"ListItem","position":2,"name":"Functies"}]},{"@type":"WebSite","@id":"https:\/\/dpc-software.de\/#website","url":"https:\/\/dpc-software.de\/","name":"DPC Software GmbH","description":"Stata and StatGraphics Distributor","publisher":{"@id":"https:\/\/dpc-software.de\/#organization"},"potentialAction":[{"@type":"SearchAction","target":{"@type":"EntryPoint","urlTemplate":"https:\/\/dpc-software.de\/?s={search_term_string}"},"query-input":{"@type":"PropertyValueSpecification","valueRequired":true,"valueName":"search_term_string"}}],"inLanguage":"nl"},{"@type":"Organization","@id":"https:\/\/dpc-software.de\/#organization","name":"DPC Software GmbH - Stata and StatGraphics Distributor","url":"https:\/\/dpc-software.de\/","logo":{"@type":"ImageObject","inLanguage":"nl","@id":"https:\/\/dpc-software.de\/#\/schema\/logo\/image\/","url":"https:\/\/dpc-software.de\/wp-content\/uploads\/2018\/10\/dpc-favi.png","contentUrl":"https:\/\/dpc-software.de\/wp-content\/uploads\/2018\/10\/dpc-favi.png","width":307,"height":273,"caption":"DPC Software GmbH - Stata and StatGraphics Distributor"},"image":{"@id":"https:\/\/dpc-software.de\/#\/schema\/logo\/image\/"}}]}},"_links":{"self":[{"href":"https:\/\/dpc-software.de\/nl\/wp-json\/wp\/v2\/pages\/1108","targetHints":{"allow":["GET"]}}],"collection":[{"href":"https:\/\/dpc-software.de\/nl\/wp-json\/wp\/v2\/pages"}],"about":[{"href":"https:\/\/dpc-software.de\/nl\/wp-json\/wp\/v2\/types\/page"}],"author":[{"embeddable":true,"href":"https:\/\/dpc-software.de\/nl\/wp-json\/wp\/v2\/users\/1"}],"replies":[{"embeddable":true,"href":"https:\/\/dpc-software.de\/nl\/wp-json\/wp\/v2\/comments?post=1108"}],"version-history":[{"count":14,"href":"https:\/\/dpc-software.de\/nl\/wp-json\/wp\/v2\/pages\/1108\/revisions"}],"predecessor-version":[{"id":8944,"href":"https:\/\/dpc-software.de\/nl\/wp-json\/wp\/v2\/pages\/1108\/revisions\/8944"}],"wp:attachment":[{"href":"https:\/\/dpc-software.de\/nl\/wp-json\/wp\/v2\/media?parent=1108"}],"curies":[{"name":"wp","href":"https:\/\/api.w.org\/{rel}","templated":true}]}}