{"id":1270,"date":"2017-10-06T13:06:57","date_gmt":"2017-10-06T11:06:57","guid":{"rendered":"http:\/\/neu.dpc-software.de\/impressum\/"},"modified":"2024-10-22T11:33:11","modified_gmt":"2024-10-22T09:33:11","slug":"impressum","status":"publish","type":"page","link":"https:\/\/dpc-software.de\/nl\/impressum\/","title":{"rendered":"Impressum"},"content":{"rendered":"<p>[et_pb_section fb_built=&#8221;1&#8243; module_class=&#8221;first-content&#8221; _builder_version=&#8221;4.16&#8243; background_color=&#8221;#f7f7f7&#8243; global_colors_info=&#8221;{}&#8221;][et_pb_row _builder_version=&#8221;4.16&#8243; background_size=&#8221;initial&#8221; background_position=&#8221;top_left&#8221; background_repeat=&#8221;repeat&#8221; global_colors_info=&#8221;{}&#8221;][et_pb_column type=&#8221;4_4&#8243; _builder_version=&#8221;4.16&#8243; custom_padding=&#8221;|||&#8221; global_colors_info=&#8221;{}&#8221; custom_padding__hover=&#8221;|||&#8221;][et_pb_text _builder_version=&#8221;4.16&#8243; background_color=&#8221;#f7f7f7&#8243; text_orientation=&#8221;center&#8221; module_alignment=&#8221;center&#8221; global_colors_info=&#8221;{}&#8221;]<\/p>\n<h1>Impressarium<\/h1>\n<p>[\/et_pb_text][\/et_pb_column][\/et_pb_row][\/et_pb_section][et_pb_section fb_built=&#8221;1&#8243; module_class=&#8221;volle-breite same-height column-50&#8243; _builder_version=&#8221;4.16&#8243; custom_padding=&#8221;0px||0px|0px&#8221; global_colors_info=&#8221;{}&#8221;][et_pb_row column_structure=&#8221;1_2,1_2&#8243; module_class=&#8221; et_pb_row_fullwidth&#8221; _builder_version=&#8221;4.16&#8243; background_size=&#8221;initial&#8221; background_position=&#8221;top_left&#8221; background_repeat=&#8221;repeat&#8221; width=&#8221;89%&#8221; width_tablet=&#8221;80%&#8221; width_phone=&#8221;&#8221; width_last_edited=&#8221;on|desktop&#8221; max_width=&#8221;89%&#8221; max_width_tablet=&#8221;80%&#8221; max_width_phone=&#8221;&#8221; max_width_last_edited=&#8221;on|desktop&#8221; custom_padding=&#8221;0px|0px|0px|0px&#8221; make_fullwidth=&#8221;on&#8221; global_colors_info=&#8221;{}&#8221;][et_pb_column type=&#8221;1_2&#8243; module_class=&#8221;height-image&#8221; _builder_version=&#8221;4.16&#8243; custom_padding=&#8221;|||&#8221; global_colors_info=&#8221;{}&#8221; custom_padding__hover=&#8221;|||&#8221;][et_pb_image src=&#8221;https:\/\/dpc-software.de\/wp-content\/uploads\/2018\/07\/DPC-Software_web.jpg&#8221; align_tablet=&#8221;center&#8221; align_phone=&#8221;&#8221; align_last_edited=&#8221;on|desktop&#8221; _builder_version=&#8221;4.16&#8243; global_colors_info=&#8221;{}&#8221;][\/et_pb_image][\/et_pb_column][et_pb_column type=&#8221;1_2&#8243; module_class=&#8221;abstand&#8221; _builder_version=&#8221;4.16&#8243; background_color=&#8221;#ffffff&#8221; custom_padding=&#8221;0px|0px|0px|0px&#8221; global_colors_info=&#8221;{}&#8221; custom_padding__hover=&#8221;|||&#8221;][et_pb_text _builder_version=&#8221;4.24.2&#8243; background_color=&#8221;#ffffff&#8221; hover_enabled=&#8221;0&#8243; global_colors_info=&#8221;{}&#8221; sticky_enabled=&#8221;0&#8243;]<\/p>\n<h3>DPC-Software GmbH<img loading=\"lazy\" decoding=\"async\" class=\"wp-image-2202 alignright\" src=\"https:\/\/dpc-software.de\/wp-content\/uploads\/2018\/10\/wuerfel-dpcsoftwareNEWS-300x284.png\" alt=\"\" width=\"195\" height=\"185\" srcset=\"https:\/\/dpc-software.de\/wp-content\/uploads\/2018\/10\/wuerfel-dpcsoftwareNEWS-300x284.png 300w, https:\/\/dpc-software.de\/wp-content\/uploads\/2018\/10\/wuerfel-dpcsoftwareNEWS.png 500w\" sizes=\"(max-width: 195px) 100vw, 195px\" \/><\/h3>\n<p>DPC-Software Nederland<br \/>Smederijstraat 2<br \/>4814 DB Breda | Nederland<\/p>\n<p>telefoon: +31 (0)76 \/ 5 30 23-30<br \/>fax: +31 (0)76 \/ 5 31 77-01<br \/>e-mail: info@dpc-software.nl<br \/>web: www.dpc-software.nl<\/p>\n<p>Register court: Amtsgericht Wuppertal, Duitsland<br \/>Register number: HRB 29241<br \/>USt-Id-Nr.: DE319867015<\/p>\n<p><strong>Management<\/strong>:<br \/>Raoul Dittrich<\/p>\n<p>[\/et_pb_text][\/et_pb_column][\/et_pb_row][\/et_pb_section][et_pb_section fb_built=&#8221;1&#8243; module_class=&#8221;volle-breite same-height column-50&#8243; _builder_version=&#8221;4.16&#8243; custom_padding=&#8221;0px||0px|0px&#8221; global_colors_info=&#8221;{}&#8221;][et_pb_row column_structure=&#8221;1_2,1_2&#8243; module_class=&#8221; et_pb_row_fullwidth&#8221; _builder_version=&#8221;4.16&#8243; background_size=&#8221;initial&#8221; background_position=&#8221;top_left&#8221; background_repeat=&#8221;repeat&#8221; width=&#8221;89%&#8221; width_tablet=&#8221;80%&#8221; width_phone=&#8221;&#8221; width_last_edited=&#8221;on|desktop&#8221; max_width=&#8221;89%&#8221; max_width_tablet=&#8221;80%&#8221; max_width_phone=&#8221;&#8221; max_width_last_edited=&#8221;on|desktop&#8221; custom_padding=&#8221;0px|0px|0px|0px&#8221; make_fullwidth=&#8221;on&#8221; global_colors_info=&#8221;{}&#8221;][et_pb_column type=&#8221;1_2&#8243; module_class=&#8221;height-image&#8221; _builder_version=&#8221;4.16&#8243; custom_padding=&#8221;80px||80px|80px&#8221; global_colors_info=&#8221;{}&#8221; custom_padding__hover=&#8221;|||&#8221;][et_pb_text _builder_version=&#8221;4.24.2&#8243; hover_enabled=&#8221;0&#8243; global_colors_info=&#8221;{}&#8221; sticky_enabled=&#8221;0&#8243;]<\/p>\n<h2>Verantwortlich f\u00fcr den Inhalt nach \u00a7 55 Abs. 2 RStV:<\/h2>\n<p>Raoul Dittrich<br \/>Prinzenstra\u00dfe 2A<br \/>42697 Solingen<\/p>\n<h2>Streitschlichtung<\/h2>\n<p>Die Europ\u00e4ische Kommission stellt eine Plattform zur Online-Streitbeilegung (OS) bereit: <a href=\"https:\/\/ec.europa.eu\/consumers\/odr\">https:\/\/ec.europa.eu\/consumers\/odr<\/a><br \/>Unsere E-Mail-Adresse finden Sie oben im Impressum.<\/p>\n<p>Wir sind nicht bereit oder verpflichtet, an Streitbeilegungsverfahren vor einer Verbraucherschlichtungsstelle teilzunehmen.<\/p>\n<p>[\/et_pb_text][\/et_pb_column][et_pb_column type=&#8221;1_2&#8243; module_class=&#8221;abstand&#8221; _builder_version=&#8221;4.16&#8243; background_color=&#8221;#ffffff&#8221; custom_padding=&#8221;0px|0px|0px|0px&#8221; global_colors_info=&#8221;{}&#8221; custom_padding__hover=&#8221;|||&#8221;][et_pb_text _builder_version=&#8221;4.16&#8243; hover_enabled=&#8221;0&#8243; global_colors_info=&#8221;{}&#8221; sticky_enabled=&#8221;0&#8243;]<\/p>\n<h2>Haftung f\u00fcr Inhalte<\/h2>\n<p>Als Diensteanbieter sind wir gem\u00e4\u00df \u00a7 7 Abs.1 TMG f\u00fcr eigene Inhalte auf diesen Seiten nach den allgemeinen Gesetzen verantwortlich. Nach \u00a7\u00a7 8 bis 10 TMG sind wir als Diensteanbieter jedoch nicht verpflichtet, \u00fcbermittelte oder gespeicherte fremde Informationen zu \u00fcberwachen oder nach Umst\u00e4nden zu forschen, die auf eine rechtswidrige T\u00e4tigkeit hinweisen.<\/p>\n<p>Verpflichtungen zur Entfernung oder Sperrung der Nutzung von Informationen nach den allgemeinen Gesetzen bleiben hiervon unber\u00fchrt. Eine diesbez\u00fcgliche Haftung ist jedoch erst ab dem Zeitpunkt der Kenntnis einer konkreten Rechtsverletzung m\u00f6glich. Bei Bekanntwerden von entsprechenden Rechtsverletzungen werden wir diese Inhalte umgehend entfernen.<\/p>\n<h2>Haftung f\u00fcr Links<\/h2>\n<p>Unser Angebot enth\u00e4lt Links zu externen Webseiten Dritter, auf deren Inhalte wir keinen Einfluss haben. Deshalb k\u00f6nnen wir f\u00fcr diese fremden Inhalte auch keine Gew\u00e4hr \u00fcbernehmen. F\u00fcr die Inhalte der verlinkten Seiten ist stets der jeweilige Anbieter oder Betreiber der Seiten verantwortlich. Die verlinkten Seiten wurden zum Zeitpunkt der Verlinkung auf m\u00f6gliche Rechtsverst\u00f6\u00dfe \u00fcberpr\u00fcft. Rechtswidrige Inhalte waren zum Zeitpunkt der Verlinkung nicht erkennbar.<\/p>\n<p>Eine permanente inhaltliche Kontrolle der verlinkten Seiten ist jedoch ohne konkrete Anhaltspunkte einer Rechtsverletzung nicht zumutbar. Bei Bekanntwerden von Rechtsverletzungen werden wir derartige Links umgehend entfernen.<\/p>\n<h2>Urheberrecht<\/h2>\n<p>Die durch die Seitenbetreiber erstellten Inhalte und Werke auf diesen Seiten unterliegen dem deutschen Urheberrecht. Die Vervielf\u00e4ltigung, Bearbeitung, Verbreitung und jede Art der Verwertung au\u00dferhalb der Grenzen des Urheberrechtes bed\u00fcrfen der schriftlichen Zustimmung des jeweiligen Autors bzw. Erstellers. Downloads und Kopien dieser Seite sind nur f\u00fcr den privaten, nicht kommerziellen Gebrauch gestattet.<\/p>\n<p>Soweit die Inhalte auf dieser Seite nicht vom Betreiber erstellt wurden, werden die Urheberrechte Dritter beachtet. Insbesondere werden Inhalte Dritter als solche gekennzeichnet. Sollten Sie trotzdem auf eine Urheberrechtsverletzung aufmerksam werden, bitten wir um einen entsprechenden Hinweis. Bei Bekanntwerden von Rechtsverletzungen werden wir derartige Inhalte umgehend entfernen.<\/p>\n<p>[\/et_pb_text][\/et_pb_column][\/et_pb_row][\/et_pb_section][et_pb_section fb_built=&#8221;1&#8243; module_class=&#8221;abschluss&#8221; _builder_version=&#8221;4.16&#8243; background_color=&#8221;#e2001a&#8221; custom_padding=&#8221;54px|0px|52px|0px&#8221; global_colors_info=&#8221;{}&#8221;][et_pb_row _builder_version=&#8221;4.16&#8243; background_size=&#8221;initial&#8221; background_position=&#8221;top_left&#8221; background_repeat=&#8221;repeat&#8221; global_colors_info=&#8221;{}&#8221;][et_pb_column type=&#8221;4_4&#8243; _builder_version=&#8221;4.16&#8243; custom_padding=&#8221;|||&#8221; global_colors_info=&#8221;{}&#8221; custom_padding__hover=&#8221;|||&#8221;][et_pb_text _builder_version=&#8221;4.16&#8243; text_orientation=&#8221;center&#8221; background_layout=&#8221;dark&#8221; module_alignment=&#8221;center&#8221; global_colors_info=&#8221;{}&#8221;]<\/p>\n<h2>Contact<\/h2>\n<p>[\/et_pb_text][\/et_pb_column][\/et_pb_row][et_pb_row column_structure=&#8221;1_4,1_2,1_4&#8243; _builder_version=&#8221;4.16&#8243; global_colors_info=&#8221;{}&#8221;][et_pb_column type=&#8221;1_4&#8243; _builder_version=&#8221;4.16&#8243; custom_padding=&#8221;|||&#8221; global_colors_info=&#8221;{}&#8221; custom_padding__hover=&#8221;|||&#8221;][\/et_pb_column][et_pb_column type=&#8221;1_2&#8243; _builder_version=&#8221;4.16&#8243; custom_padding=&#8221;|||&#8221; global_colors_info=&#8221;{}&#8221; custom_padding__hover=&#8221;|||&#8221;][et_pb_text _builder_version=&#8221;4.16&#8243; global_colors_info=&#8221;{}&#8221;]<\/p>\n<p><b>Algemene Informatie<\/b><br \/> <a class=\"intern_red\" title=\"Opens window for sending email\" href=\"mailto:info@dpc-software.de\">info@dpc-software.nl<\/a><br \/> Tel +31 (0)76-5302330<\/p>\n<p>[\/et_pb_text][\/et_pb_column][et_pb_column type=&#8221;1_4&#8243; _builder_version=&#8221;4.16&#8243; custom_padding=&#8221;|||&#8221; global_colors_info=&#8221;{}&#8221; custom_padding__hover=&#8221;|||&#8221;][\/et_pb_column][\/et_pb_row][\/et_pb_section]<\/p>\n","protected":false},"excerpt":{"rendered":"<p>Impressarium DPC-Software GmbH DPC-Software NederlandSmederijstraat 24814 DB Breda | Nederland telefoon: +31 (0)76 \/ 5 30 23-30fax: +31 (0)76 \/ 5 31 77-01e-mail: info@dpc-software.nlweb: www.dpc-software.nl Register court: Amtsgericht Wuppertal, DuitslandRegister number: HRB 29241USt-Id-Nr.: DE319867015 Management:Raoul DittrichVerantwortlich f\u00fcr den Inhalt nach \u00a7 55 Abs. 2 RStV: Raoul DittrichPrinzenstra\u00dfe 2A42697 Solingen Streitschlichtung Die Europ\u00e4ische Kommission stellt eine Plattform zur Online-Streitbeilegung (OS) bereit: https:\/\/ec.europa.eu\/consumers\/odrUnsere E-Mail-Adresse finden Sie oben im Impressum. Wir sind nicht bereit oder verpflichtet, an Streitbeilegungsverfahren vor einer Verbraucherschlichtungsstelle teilzunehmen.Haftung f\u00fcr Inhalte Als Diensteanbieter sind wir gem\u00e4\u00df \u00a7 7 Abs.1 TMG f\u00fcr eigene Inhalte auf diesen Seiten nach den allgemeinen Gesetzen verantwortlich. Nach \u00a7\u00a7 8 bis 10 TMG sind wir als Diensteanbieter jedoch nicht verpflichtet, \u00fcbermittelte oder gespeicherte fremde Informationen zu \u00fcberwachen oder nach Umst\u00e4nden zu forschen, die auf eine rechtswidrige T\u00e4tigkeit hinweisen. Verpflichtungen zur Entfernung oder Sperrung der Nutzung von Informationen nach den allgemeinen Gesetzen bleiben hiervon unber\u00fchrt. Eine diesbez\u00fcgliche Haftung ist jedoch erst ab dem Zeitpunkt der Kenntnis einer konkreten Rechtsverletzung m\u00f6glich. Bei Bekanntwerden von entsprechenden Rechtsverletzungen werden wir diese Inhalte umgehend entfernen. Haftung f\u00fcr Links Unser Angebot enth\u00e4lt Links zu externen Webseiten Dritter, auf deren Inhalte wir keinen Einfluss haben. Deshalb k\u00f6nnen wir f\u00fcr diese fremden Inhalte auch [&hellip;]<\/p>\n","protected":false},"author":1,"featured_media":0,"parent":0,"menu_order":0,"comment_status":"closed","ping_status":"closed","template":"","meta":{"_acf_changed":false,"_et_pb_use_builder":"on","_et_pb_old_content":"","_et_gb_content_width":"","inline_featured_image":false,"footnotes":""},"class_list":["post-1270","page","type-page","status-publish","hentry"],"acf":[],"yoast_head":"<!-- This site is optimized with the Yoast SEO plugin v25.9 - https:\/\/yoast.com\/wordpress\/plugins\/seo\/ -->\n<title>- DPC Software GmbH<\/title>\n<meta name=\"robots\" content=\"noindex, nofollow\" \/>\n<meta property=\"og:locale\" content=\"nl_NL\" \/>\n<meta property=\"og:type\" content=\"article\" \/>\n<meta property=\"og:title\" content=\"- DPC Software GmbH\" \/>\n<meta property=\"og:description\" content=\"Impressarium DPC-Software GmbH DPC-Software NederlandSmederijstraat 24814 DB Breda | Nederland telefoon: +31 (0)76 \/ 5 30 23-30fax: +31 (0)76 \/ 5 31 77-01e-mail: info@dpc-software.nlweb: www.dpc-software.nl Register court: Amtsgericht Wuppertal, DuitslandRegister number: HRB 29241USt-Id-Nr.: DE319867015 Management:Raoul DittrichVerantwortlich f\u00fcr den Inhalt nach \u00a7 55 Abs. 2 RStV: Raoul DittrichPrinzenstra\u00dfe 2A42697 Solingen Streitschlichtung Die Europ\u00e4ische Kommission stellt eine Plattform zur Online-Streitbeilegung (OS) bereit: https:\/\/ec.europa.eu\/consumers\/odrUnsere E-Mail-Adresse finden Sie oben im Impressum. Wir sind nicht bereit oder verpflichtet, an Streitbeilegungsverfahren vor einer Verbraucherschlichtungsstelle teilzunehmen.Haftung f\u00fcr Inhalte Als Diensteanbieter sind wir gem\u00e4\u00df \u00a7 7 Abs.1 TMG f\u00fcr eigene Inhalte auf diesen Seiten nach den allgemeinen Gesetzen verantwortlich. Nach \u00a7\u00a7 8 bis 10 TMG sind wir als Diensteanbieter jedoch nicht verpflichtet, \u00fcbermittelte oder gespeicherte fremde Informationen zu \u00fcberwachen oder nach Umst\u00e4nden zu forschen, die auf eine rechtswidrige T\u00e4tigkeit hinweisen. Verpflichtungen zur Entfernung oder Sperrung der Nutzung von Informationen nach den allgemeinen Gesetzen bleiben hiervon unber\u00fchrt. Eine diesbez\u00fcgliche Haftung ist jedoch erst ab dem Zeitpunkt der Kenntnis einer konkreten Rechtsverletzung m\u00f6glich. Bei Bekanntwerden von entsprechenden Rechtsverletzungen werden wir diese Inhalte umgehend entfernen. Haftung f\u00fcr Links Unser Angebot enth\u00e4lt Links zu externen Webseiten Dritter, auf deren Inhalte wir keinen Einfluss haben. Deshalb k\u00f6nnen wir f\u00fcr diese fremden Inhalte auch [&hellip;]\" \/>\n<meta property=\"og:url\" content=\"https:\/\/dpc-software.de\/nl\/impressum\/\" \/>\n<meta property=\"og:site_name\" content=\"DPC Software GmbH\" \/>\n<meta property=\"article:modified_time\" content=\"2024-10-22T09:33:11+00:00\" \/>\n<meta property=\"og:image\" content=\"https:\/\/dpc-software.de\/wp-content\/uploads\/2018\/10\/wuerfel-dpcsoftwareNEWS-300x284.png\" \/>\n<meta name=\"twitter:card\" content=\"summary_large_image\" \/>\n<meta name=\"twitter:label1\" content=\"Geschatte leestijd\" \/>\n\t<meta name=\"twitter:data1\" content=\"4 minuten\" \/>\n<script type=\"application\/ld+json\" class=\"yoast-schema-graph\">{\"@context\":\"https:\/\/schema.org\",\"@graph\":[{\"@type\":\"WebPage\",\"@id\":\"https:\/\/dpc-software.de\/nl\/impressum\/\",\"url\":\"https:\/\/dpc-software.de\/nl\/impressum\/\",\"name\":\"- DPC Software GmbH\",\"isPartOf\":{\"@id\":\"https:\/\/dpc-software.de\/#website\"},\"primaryImageOfPage\":{\"@id\":\"https:\/\/dpc-software.de\/nl\/impressum\/#primaryimage\"},\"image\":{\"@id\":\"https:\/\/dpc-software.de\/nl\/impressum\/#primaryimage\"},\"thumbnailUrl\":\"https:\/\/dpc-software.de\/wp-content\/uploads\/2018\/10\/wuerfel-dpcsoftwareNEWS-300x284.png\",\"datePublished\":\"2017-10-06T11:06:57+00:00\",\"dateModified\":\"2024-10-22T09:33:11+00:00\",\"breadcrumb\":{\"@id\":\"https:\/\/dpc-software.de\/nl\/impressum\/#breadcrumb\"},\"inLanguage\":\"nl\",\"potentialAction\":[{\"@type\":\"ReadAction\",\"target\":[\"https:\/\/dpc-software.de\/nl\/impressum\/\"]}]},{\"@type\":\"ImageObject\",\"inLanguage\":\"nl\",\"@id\":\"https:\/\/dpc-software.de\/nl\/impressum\/#primaryimage\",\"url\":\"https:\/\/dpc-software.de\/wp-content\/uploads\/2018\/10\/wuerfel-dpcsoftwareNEWS-300x284.png\",\"contentUrl\":\"https:\/\/dpc-software.de\/wp-content\/uploads\/2018\/10\/wuerfel-dpcsoftwareNEWS-300x284.png\"},{\"@type\":\"BreadcrumbList\",\"@id\":\"https:\/\/dpc-software.de\/nl\/impressum\/#breadcrumb\",\"itemListElement\":[{\"@type\":\"ListItem\",\"position\":1,\"name\":\"Startseite\",\"item\":\"https:\/\/dpc-software.de\/nl\/\"},{\"@type\":\"ListItem\",\"position\":2,\"name\":\"Impressum\"}]},{\"@type\":\"WebSite\",\"@id\":\"https:\/\/dpc-software.de\/#website\",\"url\":\"https:\/\/dpc-software.de\/\",\"name\":\"DPC Software GmbH\",\"description\":\"Stata and StatGraphics Distributor\",\"publisher\":{\"@id\":\"https:\/\/dpc-software.de\/#organization\"},\"potentialAction\":[{\"@type\":\"SearchAction\",\"target\":{\"@type\":\"EntryPoint\",\"urlTemplate\":\"https:\/\/dpc-software.de\/?s={search_term_string}\"},\"query-input\":{\"@type\":\"PropertyValueSpecification\",\"valueRequired\":true,\"valueName\":\"search_term_string\"}}],\"inLanguage\":\"nl\"},{\"@type\":\"Organization\",\"@id\":\"https:\/\/dpc-software.de\/#organization\",\"name\":\"DPC Software GmbH - Stata and StatGraphics Distributor\",\"url\":\"https:\/\/dpc-software.de\/\",\"logo\":{\"@type\":\"ImageObject\",\"inLanguage\":\"nl\",\"@id\":\"https:\/\/dpc-software.de\/#\/schema\/logo\/image\/\",\"url\":\"https:\/\/dpc-software.de\/wp-content\/uploads\/2018\/10\/dpc-favi.png\",\"contentUrl\":\"https:\/\/dpc-software.de\/wp-content\/uploads\/2018\/10\/dpc-favi.png\",\"width\":307,\"height\":273,\"caption\":\"DPC Software GmbH - Stata and StatGraphics Distributor\"},\"image\":{\"@id\":\"https:\/\/dpc-software.de\/#\/schema\/logo\/image\/\"}}]}<\/script>\n<!-- \/ Yoast SEO plugin. -->","yoast_head_json":{"title":"- DPC Software GmbH","robots":{"index":"noindex","follow":"nofollow"},"og_locale":"nl_NL","og_type":"article","og_title":"- DPC Software GmbH","og_description":"Impressarium DPC-Software GmbH DPC-Software NederlandSmederijstraat 24814 DB Breda | Nederland telefoon: +31 (0)76 \/ 5 30 23-30fax: +31 (0)76 \/ 5 31 77-01e-mail: info@dpc-software.nlweb: www.dpc-software.nl Register court: Amtsgericht Wuppertal, DuitslandRegister number: HRB 29241USt-Id-Nr.: DE319867015 Management:Raoul DittrichVerantwortlich f\u00fcr den Inhalt nach \u00a7 55 Abs. 2 RStV: Raoul DittrichPrinzenstra\u00dfe 2A42697 Solingen Streitschlichtung Die Europ\u00e4ische Kommission stellt eine Plattform zur Online-Streitbeilegung (OS) bereit: https:\/\/ec.europa.eu\/consumers\/odrUnsere E-Mail-Adresse finden Sie oben im Impressum. Wir sind nicht bereit oder verpflichtet, an Streitbeilegungsverfahren vor einer Verbraucherschlichtungsstelle teilzunehmen.Haftung f\u00fcr Inhalte Als Diensteanbieter sind wir gem\u00e4\u00df \u00a7 7 Abs.1 TMG f\u00fcr eigene Inhalte auf diesen Seiten nach den allgemeinen Gesetzen verantwortlich. Nach \u00a7\u00a7 8 bis 10 TMG sind wir als Diensteanbieter jedoch nicht verpflichtet, \u00fcbermittelte oder gespeicherte fremde Informationen zu \u00fcberwachen oder nach Umst\u00e4nden zu forschen, die auf eine rechtswidrige T\u00e4tigkeit hinweisen. Verpflichtungen zur Entfernung oder Sperrung der Nutzung von Informationen nach den allgemeinen Gesetzen bleiben hiervon unber\u00fchrt. Eine diesbez\u00fcgliche Haftung ist jedoch erst ab dem Zeitpunkt der Kenntnis einer konkreten Rechtsverletzung m\u00f6glich. Bei Bekanntwerden von entsprechenden Rechtsverletzungen werden wir diese Inhalte umgehend entfernen. Haftung f\u00fcr Links Unser Angebot enth\u00e4lt Links zu externen Webseiten Dritter, auf deren Inhalte wir keinen Einfluss haben. Deshalb k\u00f6nnen wir f\u00fcr diese fremden Inhalte auch [&hellip;]","og_url":"https:\/\/dpc-software.de\/nl\/impressum\/","og_site_name":"DPC Software GmbH","article_modified_time":"2024-10-22T09:33:11+00:00","og_image":[{"url":"https:\/\/dpc-software.de\/wp-content\/uploads\/2018\/10\/wuerfel-dpcsoftwareNEWS-300x284.png","type":"","width":"","height":""}],"twitter_card":"summary_large_image","twitter_misc":{"Geschatte leestijd":"4 minuten"},"schema":{"@context":"https:\/\/schema.org","@graph":[{"@type":"WebPage","@id":"https:\/\/dpc-software.de\/nl\/impressum\/","url":"https:\/\/dpc-software.de\/nl\/impressum\/","name":"- DPC Software GmbH","isPartOf":{"@id":"https:\/\/dpc-software.de\/#website"},"primaryImageOfPage":{"@id":"https:\/\/dpc-software.de\/nl\/impressum\/#primaryimage"},"image":{"@id":"https:\/\/dpc-software.de\/nl\/impressum\/#primaryimage"},"thumbnailUrl":"https:\/\/dpc-software.de\/wp-content\/uploads\/2018\/10\/wuerfel-dpcsoftwareNEWS-300x284.png","datePublished":"2017-10-06T11:06:57+00:00","dateModified":"2024-10-22T09:33:11+00:00","breadcrumb":{"@id":"https:\/\/dpc-software.de\/nl\/impressum\/#breadcrumb"},"inLanguage":"nl","potentialAction":[{"@type":"ReadAction","target":["https:\/\/dpc-software.de\/nl\/impressum\/"]}]},{"@type":"ImageObject","inLanguage":"nl","@id":"https:\/\/dpc-software.de\/nl\/impressum\/#primaryimage","url":"https:\/\/dpc-software.de\/wp-content\/uploads\/2018\/10\/wuerfel-dpcsoftwareNEWS-300x284.png","contentUrl":"https:\/\/dpc-software.de\/wp-content\/uploads\/2018\/10\/wuerfel-dpcsoftwareNEWS-300x284.png"},{"@type":"BreadcrumbList","@id":"https:\/\/dpc-software.de\/nl\/impressum\/#breadcrumb","itemListElement":[{"@type":"ListItem","position":1,"name":"Startseite","item":"https:\/\/dpc-software.de\/nl\/"},{"@type":"ListItem","position":2,"name":"Impressum"}]},{"@type":"WebSite","@id":"https:\/\/dpc-software.de\/#website","url":"https:\/\/dpc-software.de\/","name":"DPC Software GmbH","description":"Stata and StatGraphics Distributor","publisher":{"@id":"https:\/\/dpc-software.de\/#organization"},"potentialAction":[{"@type":"SearchAction","target":{"@type":"EntryPoint","urlTemplate":"https:\/\/dpc-software.de\/?s={search_term_string}"},"query-input":{"@type":"PropertyValueSpecification","valueRequired":true,"valueName":"search_term_string"}}],"inLanguage":"nl"},{"@type":"Organization","@id":"https:\/\/dpc-software.de\/#organization","name":"DPC Software GmbH - Stata and StatGraphics Distributor","url":"https:\/\/dpc-software.de\/","logo":{"@type":"ImageObject","inLanguage":"nl","@id":"https:\/\/dpc-software.de\/#\/schema\/logo\/image\/","url":"https:\/\/dpc-software.de\/wp-content\/uploads\/2018\/10\/dpc-favi.png","contentUrl":"https:\/\/dpc-software.de\/wp-content\/uploads\/2018\/10\/dpc-favi.png","width":307,"height":273,"caption":"DPC Software GmbH - Stata and StatGraphics Distributor"},"image":{"@id":"https:\/\/dpc-software.de\/#\/schema\/logo\/image\/"}}]}},"_links":{"self":[{"href":"https:\/\/dpc-software.de\/nl\/wp-json\/wp\/v2\/pages\/1270","targetHints":{"allow":["GET"]}}],"collection":[{"href":"https:\/\/dpc-software.de\/nl\/wp-json\/wp\/v2\/pages"}],"about":[{"href":"https:\/\/dpc-software.de\/nl\/wp-json\/wp\/v2\/types\/page"}],"author":[{"embeddable":true,"href":"https:\/\/dpc-software.de\/nl\/wp-json\/wp\/v2\/users\/1"}],"replies":[{"embeddable":true,"href":"https:\/\/dpc-software.de\/nl\/wp-json\/wp\/v2\/comments?post=1270"}],"version-history":[{"count":16,"href":"https:\/\/dpc-software.de\/nl\/wp-json\/wp\/v2\/pages\/1270\/revisions"}],"predecessor-version":[{"id":8881,"href":"https:\/\/dpc-software.de\/nl\/wp-json\/wp\/v2\/pages\/1270\/revisions\/8881"}],"wp:attachment":[{"href":"https:\/\/dpc-software.de\/nl\/wp-json\/wp\/v2\/media?parent=1270"}],"curies":[{"name":"wp","href":"https:\/\/api.w.org\/{rel}","templated":true}]}}