{"id":2269,"date":"2017-11-21T16:42:33","date_gmt":"2017-11-21T15:42:33","guid":{"rendered":"https:\/\/dpc-software.de\/stata-training\/"},"modified":"2018-10-25T11:59:08","modified_gmt":"2018-10-25T09:59:08","slug":"stata-training","status":"publish","type":"page","link":"https:\/\/dpc-software.de\/nl\/stata-training\/","title":{"rendered":"Stata Training"},"content":{"rendered":"<p>[et_pb_section bb_built=&#8221;1&#8243; background_color=&#8221;#f7f7f7&#8243; _builder_version=&#8221;3.0.78&#8243; module_class=&#8221;first-content&#8221;][et_pb_row _builder_version=&#8221;3.0.78&#8243; background_size=&#8221;initial&#8221; background_position=&#8221;top_left&#8221; background_repeat=&#8221;repeat&#8221; _i=&#8221;0&#8243; _address=&#8221;1.0&#8243;][et_pb_column type=&#8221;4_4&#8243;][et_pb_text _builder_version=&#8221;3.0.78&#8243; background_color=&#8221;#f7f7f7&#8243; background_layout=&#8221;light&#8221; border_style=&#8221;solid&#8221; text_orientation=&#8221;center&#8221; module_alignment=&#8221;center&#8221;]<\/p>\n<h1>Stata Training &amp; Data<\/h1>\n<p>&nbsp;<\/p>\n<p>[\/et_pb_text][\/et_pb_column][\/et_pb_row][\/et_pb_section][et_pb_section bb_built=&#8221;1&#8243; module_class=&#8221;volle-breite same-height column-50 height-image &#8221; _builder_version=&#8221;3.0.78&#8243; custom_padding=&#8221;0px||50px|0px&#8221;][et_pb_row make_fullwidth=&#8221;on&#8221; custom_padding=&#8221;0px|0px|0px|0px&#8221; background_color_2=&#8221;#ffffff&#8221; padding_top_2=&#8221;0px&#8221; padding_right_2=&#8221;0px&#8221; padding_bottom_2=&#8221;0px&#8221; padding_left_2=&#8221;0px&#8221; _builder_version=&#8221;3.0.78&#8243; background_size=&#8221;initial&#8221; background_position=&#8221;top_left&#8221; background_repeat=&#8221;repeat&#8221; module_class_2=&#8221;abstand&#8221;][et_pb_column type=&#8221;1_2&#8243;][et_pb_image _builder_version=&#8221;3.0.78&#8243; src=&#8221;https:\/\/dpc-software.de\/wp-content\/uploads\/2018\/07\/DPC-Software_web_400px.jpg&#8221; show_in_lightbox=&#8221;off&#8221; url_new_window=&#8221;off&#8221; use_overlay=&#8221;off&#8221; always_center_on_mobile=&#8221;on&#8221; border_style=&#8221;solid&#8221; force_fullwidth=&#8221;off&#8221; show_bottom_space=&#8221;on&#8221; \/][\/et_pb_column][et_pb_column type=&#8221;1_2&#8243;][et_pb_text _builder_version=&#8221;3.0.78&#8243; background_color=&#8221;#ffffff&#8221; background_layout=&#8221;light&#8221; border_style=&#8221;solid&#8221;]<\/p>\n<h2 id=\"tw-target-text\" class=\"tw-data-text tw-ta tw-text-medium\" dir=\"ltr\" data-placeholder=\"Vertaling\"><strong><span lang=\"nl\">Trainings- en consultingservices<\/span><\/strong><\/h2>\n<p class=\"tw-data-text tw-ta tw-text-small\" dir=\"ltr\" data-placeholder=\"Vertaling\"><span lang=\"nl\">Om Stata effectief te kunnen gebruiken, kan DPC Sofware, als de offici\u00eble<br \/>\ndistributiepartner van Stata in Duitsland, Nederland en andere Europese landen,<br \/>\nu voorzien van competente ondersteuning met op maat gemaakte trainings- en<br \/>\nconsultingservices.<\/span><\/p>\n<p class=\"tw-data-text tw-ta tw-text-small\" dir=\"ltr\" data-placeholder=\"Vertaling\"><span lang=\"nl\">We bieden geschikte trainingsaanbiedingen en -formaten voor alle gebruikers!<\/span><\/p>\n<p id=\"tw-target-text\" class=\"tw-data-text tw-ta tw-text-small\" dir=\"ltr\" data-placeholder=\"Vertaling\"><span lang=\"nl\">Of u nu een beginner, een expert of een professional bent: onze experts verheugen<br \/>\nons erop u de vereiste vaardigheden op een praktische en begrijpelijke manier te leren.<br \/>\n<\/span><span lang=\"nl\">We zijn graag bereid om de individuele inhoud met u te co\u00f6rdineren voor een op<br \/>\nbehoeften gebaseerde bij u interne of openbare training bij ons.<\/span><\/p>\n<p id=\"tw-target-text\" class=\"tw-data-text tw-ta tw-text-medium\" dir=\"ltr\" data-placeholder=\"Vertaling\"><span lang=\"nl\">Mogelijke onderwerpen zijn:<\/span><\/p>\n<ul>\n<li>Introductie tot het gebruik van grafische gebruikersinterface en syntax<\/li>\n<li>Data management<\/li>\n<li>Conversie van data, import &amp; export<\/li>\n<li><span lang=\"nl\">Beschrijvende en bivariate statistieken<\/span><\/li>\n<li>Statistische modellering van metrische en categorische uitkomsten<\/li>\n<li>Visualisiering van data en statistische analyses<\/li>\n<li><span lang=\"nl\">Projectorganisatie en effectief (wetenschappelijk) werk: planning, uitvoering, repliceerbaarheid en documentatie<\/span><\/li>\n<li><span lang=\"nl\">Analyse van tijdreeksen, panel- en survival data<\/span><\/li>\n<li><span lang=\"nl\">Multi-level en structurele vergelijking modellering<\/span><\/li>\n<li>Automatisiering en statistische programmering<\/li>\n<\/ul>\n<p>[\/et_pb_text][\/et_pb_column][\/et_pb_row][\/et_pb_section][et_pb_section bb_built=&#8221;1&#8243; module_class=&#8221;volle-breite same-height column-50 height-image &#8221; _builder_version=&#8221;3.0.78&#8243; custom_padding=&#8221;200px||50px|50px&#8221; custom_padding_last_edited=&#8221;on|desktop&#8221;][et_pb_row make_fullwidth=&#8221;on&#8221; custom_padding=&#8221;0px|0px|0px|0px&#8221; background_color_2=&#8221;#ffffff&#8221; padding_top_2=&#8221;0px&#8221; padding_right_2=&#8221;0px&#8221; padding_bottom_2=&#8221;0px&#8221; padding_left_2=&#8221;0px&#8221; _builder_version=&#8221;3.0.78&#8243; background_size=&#8221;initial&#8221; background_position=&#8221;top_left&#8221; background_repeat=&#8221;repeat&#8221; module_class_2=&#8221;abstand&#8221; padding_top_1=&#8221;0px&#8221; padding_right_1=&#8221;0px&#8221; padding_bottom_1=&#8221;0px&#8221; padding_left_1=&#8221;0px&#8221;][et_pb_column type=&#8221;1_2&#8243;][et_pb_text _builder_version=&#8221;3.0.78&#8243; background_layout=&#8221;light&#8221; border_style=&#8221;solid&#8221; custom_padding=&#8221;80px|||&#8221;]<\/p>\n<h2>Data voor Stata- Workshops &#8211; 2018 in Solingen:<\/h2>\n<ul>\n<li>6 -7 september 2018 &#8211; Introductie in Stata<\/li>\n<li>17 oktober 2018 &#8211; Spoedcursus Stata<\/li>\n<li>18 -19 oktober 2018 &#8211; Praktijk van Survey-onderzoek met Stata<\/li>\n<li>26 -27 november 2018 &#8211; nog niet bekend<\/li>\n<li>3 december 2018 &#8211; Introductie in de statistische Modellering<\/li>\n<\/ul>\n<p>[\/et_pb_text][\/et_pb_column][et_pb_column type=&#8221;1_2&#8243;][et_pb_text _builder_version=&#8221;3.0.78&#8243; background_layout=&#8221;light&#8221; border_style=&#8221;solid&#8221;]<\/p>\n<h2>Stata NetCourses en Online-Tutorials<\/h2>\n<p><a href=\"https:\/\/dpc-software.de\/training\/stata-training\/stata-netcourses\/\"><strong>Stata NetCourses<\/strong><\/a><br \/>\nVoordelige E-Learning-cursus met themas rond om Stata, aangeboden en uitgevoerd door StataCorp LP.<\/p>\n<p><a href=\"https:\/\/dpc-software.de\/training\/stata-training\/stata-online-tutorials\/\"><strong>Online-Tutorials<\/strong><\/a><br \/>\nVideo&#8217;s en Playlists over het analyseren, methoden en toepassingsgebied van Stata op het YouTube-Channel van Stata.<\/p>\n<p>[\/et_pb_text][\/et_pb_column][\/et_pb_row][et_pb_row][et_pb_column type=&#8221;4_4&#8243;][et_pb_text _builder_version=&#8221;3.0.78&#8243; background_layout=&#8221;light&#8221; border_style=&#8221;solid&#8221; custom_padding=&#8221;|50px||&#8221;]<\/p>\n<p>Storneringen alleen schriftelijk (per e-mail aan info@dpc-software.de). Storneringen tot 4 weken voor het begin van de workshop zijn zonder kosten. Bij afzeggingen tot 2 weken voor begin word 50% van het bedrag in rekening gebracht, bij afzeggingen binnen de 2 weken word 80% in rekening gebracht. Mocht de afspraak nadat de cursusleider al terplaatse is afgezegd worden, wordt het hele bedrag in rekening gebracht.<br \/>\nIn ieder geval neemt de opdrachtgever de kosten over die daardoor onstaan zoals stornokosten van hotel en vervoer. Dit wordt met bewijs voorgelegd.<\/p>\n<p>[\/et_pb_text][\/et_pb_column][\/et_pb_row][\/et_pb_section][et_pb_section bb_built=&#8221;1&#8243; fullwidth=&#8221;off&#8221; specialty=&#8221;off&#8221; _builder_version=&#8221;3.0.78&#8243; module_id=&#8221;ansprechpartner&#8221; module_class=&#8221;abschluss&#8221;][et_pb_row _builder_version=&#8221;3.0.78&#8243; background_size=&#8221;initial&#8221; background_position=&#8221;top_left&#8221; background_repeat=&#8221;repeat&#8221; _i=&#8221;0&#8243; _address=&#8221;4.0&#8243;][et_pb_column type=&#8221;4_4&#8243;][et_pb_text _builder_version=&#8221;3.0.78&#8243; background_layout=&#8221;dark&#8221; border_style=&#8221;solid&#8221; text_orientation=&#8221;center&#8221; module_alignment=&#8221;center&#8221;]<\/p>\n<h2>Kontakt<\/h2>\n<p>[\/et_pb_text][\/et_pb_column][\/et_pb_row][et_pb_row _builder_version=&#8221;3.0.78&#8243;][et_pb_column type=&#8221;1_4&#8243;][\/et_pb_column][et_pb_column type=&#8221;1_2&#8243;][et_pb_text _builder_version=&#8221;3.0.78&#8243; background_layout=&#8221;light&#8221; border_style=&#8221;solid&#8221;]<\/p>\n<p>Elena Tsittser<\/p>\n<p>tel.: +49 (0)212 \/ 2 60 66-51<\/p>\n<p>e-mail:\u00a0<a href=\"mailto:elena.tsittser@dpc-software.de\">elena.tsittser@dpc-software.de<\/a><\/p>\n<p>[\/et_pb_text][\/et_pb_column][et_pb_column type=&#8221;1_4&#8243;][\/et_pb_column][\/et_pb_row][\/et_pb_section]<\/p>\n","protected":false},"excerpt":{"rendered":"<p>Stata Training &amp; Data &nbsp; Trainings- en consultingservices Om Stata effectief te kunnen gebruiken, kan DPC Sofware, als de offici\u00eble distributiepartner van Stata in Duitsland, Nederland en andere Europese landen, u voorzien van competente ondersteuning met op maat gemaakte trainings- en consultingservices. We bieden geschikte trainingsaanbiedingen en -formaten voor alle gebruikers! Of u nu een beginner, een expert of een professional bent: onze experts verheugen ons erop u de vereiste vaardigheden op een praktische en begrijpelijke manier te leren. We zijn graag bereid om de individuele inhoud met u te co\u00f6rdineren voor een op behoeften gebaseerde bij u interne of openbare training bij ons. Mogelijke onderwerpen zijn: Introductie tot het gebruik van grafische gebruikersinterface en syntax Data management Conversie van data, import &amp; export Beschrijvende en bivariate statistieken Statistische modellering van metrische en categorische uitkomsten Visualisiering van data en statistische analyses Projectorganisatie en effectief (wetenschappelijk) werk: planning, uitvoering, repliceerbaarheid en documentatie Analyse van tijdreeksen, panel- en survival data Multi-level en structurele vergelijking modellering Automatisiering en statistische programmering Data voor Stata- Workshops &#8211; 2018 in Solingen: 6 -7 september 2018 &#8211; Introductie in Stata 17 oktober 2018 &#8211; Spoedcursus Stata 18 -19 oktober 2018 &#8211; Praktijk van Survey-onderzoek met Stata 26 [&hellip;]<\/p>\n","protected":false},"author":1,"featured_media":0,"parent":0,"menu_order":0,"comment_status":"closed","ping_status":"closed","template":"","meta":{"_acf_changed":false,"_et_pb_use_builder":"on","_et_pb_old_content":"","_et_gb_content_width":"","inline_featured_image":false,"footnotes":""},"class_list":["post-2269","page","type-page","status-publish","hentry"],"acf":[],"yoast_head":"<!-- This site is optimized with the Yoast SEO plugin v25.9 - https:\/\/yoast.com\/wordpress\/plugins\/seo\/ -->\n<title>Stata Training | DPC Statistiksoftware<\/title>\n<meta name=\"description\" content=\"Unsere Stata Trainings: Egal ob Stata Anf\u00e4nger, Stata K\u00f6nner oder Stata Profis - Bei uns ist f\u00fcr jeden was dabei. Au\u00dferdem gibt es auch Online-Tutorials.\" \/>\n<meta name=\"robots\" content=\"index, follow, max-snippet:-1, max-image-preview:large, max-video-preview:-1\" \/>\n<link rel=\"canonical\" href=\"https:\/\/dpc-software.de\/nl\/stata-training\/\" \/>\n<meta property=\"og:locale\" content=\"nl_NL\" \/>\n<meta property=\"og:type\" content=\"article\" \/>\n<meta property=\"og:title\" content=\"Stata Training | DPC Statistiksoftware\" \/>\n<meta property=\"og:description\" content=\"Unsere Stata Trainings: Egal ob Stata Anf\u00e4nger, Stata K\u00f6nner oder Stata Profis - Bei uns ist f\u00fcr jeden was dabei. Au\u00dferdem gibt es auch Online-Tutorials.\" \/>\n<meta property=\"og:url\" content=\"https:\/\/dpc-software.de\/nl\/stata-training\/\" \/>\n<meta property=\"og:site_name\" content=\"DPC Software GmbH\" \/>\n<meta property=\"article:modified_time\" content=\"2018-10-25T09:59:08+00:00\" \/>\n<meta name=\"twitter:card\" content=\"summary_large_image\" \/>\n<meta name=\"twitter:label1\" content=\"Geschatte leestijd\" \/>\n\t<meta name=\"twitter:data1\" content=\"4 minuten\" \/>\n<script type=\"application\/ld+json\" class=\"yoast-schema-graph\">{\"@context\":\"https:\/\/schema.org\",\"@graph\":[{\"@type\":\"WebPage\",\"@id\":\"https:\/\/dpc-software.de\/nl\/stata-training\/\",\"url\":\"https:\/\/dpc-software.de\/nl\/stata-training\/\",\"name\":\"Stata Training | DPC Statistiksoftware\",\"isPartOf\":{\"@id\":\"https:\/\/dpc-software.de\/#website\"},\"datePublished\":\"2017-11-21T15:42:33+00:00\",\"dateModified\":\"2018-10-25T09:59:08+00:00\",\"description\":\"Unsere Stata Trainings: Egal ob Stata Anf\u00e4nger, Stata K\u00f6nner oder Stata Profis - Bei uns ist f\u00fcr jeden was dabei. Au\u00dferdem gibt es auch Online-Tutorials.\",\"breadcrumb\":{\"@id\":\"https:\/\/dpc-software.de\/nl\/stata-training\/#breadcrumb\"},\"inLanguage\":\"nl\",\"potentialAction\":[{\"@type\":\"ReadAction\",\"target\":[\"https:\/\/dpc-software.de\/nl\/stata-training\/\"]}]},{\"@type\":\"BreadcrumbList\",\"@id\":\"https:\/\/dpc-software.de\/nl\/stata-training\/#breadcrumb\",\"itemListElement\":[{\"@type\":\"ListItem\",\"position\":1,\"name\":\"Startseite\",\"item\":\"https:\/\/dpc-software.de\/nl\/neue-startseite-2024\/\"},{\"@type\":\"ListItem\",\"position\":2,\"name\":\"Stata Training\"}]},{\"@type\":\"WebSite\",\"@id\":\"https:\/\/dpc-software.de\/#website\",\"url\":\"https:\/\/dpc-software.de\/\",\"name\":\"DPC Software GmbH\",\"description\":\"Stata and StatGraphics Distributor\",\"publisher\":{\"@id\":\"https:\/\/dpc-software.de\/#organization\"},\"potentialAction\":[{\"@type\":\"SearchAction\",\"target\":{\"@type\":\"EntryPoint\",\"urlTemplate\":\"https:\/\/dpc-software.de\/?s={search_term_string}\"},\"query-input\":{\"@type\":\"PropertyValueSpecification\",\"valueRequired\":true,\"valueName\":\"search_term_string\"}}],\"inLanguage\":\"nl\"},{\"@type\":\"Organization\",\"@id\":\"https:\/\/dpc-software.de\/#organization\",\"name\":\"DPC Software GmbH - Stata and StatGraphics Distributor\",\"url\":\"https:\/\/dpc-software.de\/\",\"logo\":{\"@type\":\"ImageObject\",\"inLanguage\":\"nl\",\"@id\":\"https:\/\/dpc-software.de\/#\/schema\/logo\/image\/\",\"url\":\"https:\/\/dpc-software.de\/wp-content\/uploads\/2018\/10\/dpc-favi.png\",\"contentUrl\":\"https:\/\/dpc-software.de\/wp-content\/uploads\/2018\/10\/dpc-favi.png\",\"width\":307,\"height\":273,\"caption\":\"DPC Software GmbH - Stata and StatGraphics Distributor\"},\"image\":{\"@id\":\"https:\/\/dpc-software.de\/#\/schema\/logo\/image\/\"}}]}<\/script>\n<!-- \/ Yoast SEO plugin. -->","yoast_head_json":{"title":"Stata Training | DPC Statistiksoftware","description":"Unsere Stata Trainings: Egal ob Stata Anf\u00e4nger, Stata K\u00f6nner oder Stata Profis - Bei uns ist f\u00fcr jeden was dabei. Au\u00dferdem gibt es auch Online-Tutorials.","robots":{"index":"index","follow":"follow","max-snippet":"max-snippet:-1","max-image-preview":"max-image-preview:large","max-video-preview":"max-video-preview:-1"},"canonical":"https:\/\/dpc-software.de\/nl\/stata-training\/","og_locale":"nl_NL","og_type":"article","og_title":"Stata Training | DPC Statistiksoftware","og_description":"Unsere Stata Trainings: Egal ob Stata Anf\u00e4nger, Stata K\u00f6nner oder Stata Profis - Bei uns ist f\u00fcr jeden was dabei. Au\u00dferdem gibt es auch Online-Tutorials.","og_url":"https:\/\/dpc-software.de\/nl\/stata-training\/","og_site_name":"DPC Software GmbH","article_modified_time":"2018-10-25T09:59:08+00:00","twitter_card":"summary_large_image","twitter_misc":{"Geschatte leestijd":"4 minuten"},"schema":{"@context":"https:\/\/schema.org","@graph":[{"@type":"WebPage","@id":"https:\/\/dpc-software.de\/nl\/stata-training\/","url":"https:\/\/dpc-software.de\/nl\/stata-training\/","name":"Stata Training | DPC Statistiksoftware","isPartOf":{"@id":"https:\/\/dpc-software.de\/#website"},"datePublished":"2017-11-21T15:42:33+00:00","dateModified":"2018-10-25T09:59:08+00:00","description":"Unsere Stata Trainings: Egal ob Stata Anf\u00e4nger, Stata K\u00f6nner oder Stata Profis - Bei uns ist f\u00fcr jeden was dabei. Au\u00dferdem gibt es auch Online-Tutorials.","breadcrumb":{"@id":"https:\/\/dpc-software.de\/nl\/stata-training\/#breadcrumb"},"inLanguage":"nl","potentialAction":[{"@type":"ReadAction","target":["https:\/\/dpc-software.de\/nl\/stata-training\/"]}]},{"@type":"BreadcrumbList","@id":"https:\/\/dpc-software.de\/nl\/stata-training\/#breadcrumb","itemListElement":[{"@type":"ListItem","position":1,"name":"Startseite","item":"https:\/\/dpc-software.de\/nl\/neue-startseite-2024\/"},{"@type":"ListItem","position":2,"name":"Stata Training"}]},{"@type":"WebSite","@id":"https:\/\/dpc-software.de\/#website","url":"https:\/\/dpc-software.de\/","name":"DPC Software GmbH","description":"Stata and StatGraphics Distributor","publisher":{"@id":"https:\/\/dpc-software.de\/#organization"},"potentialAction":[{"@type":"SearchAction","target":{"@type":"EntryPoint","urlTemplate":"https:\/\/dpc-software.de\/?s={search_term_string}"},"query-input":{"@type":"PropertyValueSpecification","valueRequired":true,"valueName":"search_term_string"}}],"inLanguage":"nl"},{"@type":"Organization","@id":"https:\/\/dpc-software.de\/#organization","name":"DPC Software GmbH - Stata and StatGraphics Distributor","url":"https:\/\/dpc-software.de\/","logo":{"@type":"ImageObject","inLanguage":"nl","@id":"https:\/\/dpc-software.de\/#\/schema\/logo\/image\/","url":"https:\/\/dpc-software.de\/wp-content\/uploads\/2018\/10\/dpc-favi.png","contentUrl":"https:\/\/dpc-software.de\/wp-content\/uploads\/2018\/10\/dpc-favi.png","width":307,"height":273,"caption":"DPC Software GmbH - Stata and StatGraphics Distributor"},"image":{"@id":"https:\/\/dpc-software.de\/#\/schema\/logo\/image\/"}}]}},"_links":{"self":[{"href":"https:\/\/dpc-software.de\/nl\/wp-json\/wp\/v2\/pages\/2269","targetHints":{"allow":["GET"]}}],"collection":[{"href":"https:\/\/dpc-software.de\/nl\/wp-json\/wp\/v2\/pages"}],"about":[{"href":"https:\/\/dpc-software.de\/nl\/wp-json\/wp\/v2\/types\/page"}],"author":[{"embeddable":true,"href":"https:\/\/dpc-software.de\/nl\/wp-json\/wp\/v2\/users\/1"}],"replies":[{"embeddable":true,"href":"https:\/\/dpc-software.de\/nl\/wp-json\/wp\/v2\/comments?post=2269"}],"version-history":[{"count":3,"href":"https:\/\/dpc-software.de\/nl\/wp-json\/wp\/v2\/pages\/2269\/revisions"}],"predecessor-version":[{"id":2272,"href":"https:\/\/dpc-software.de\/nl\/wp-json\/wp\/v2\/pages\/2269\/revisions\/2272"}],"wp:attachment":[{"href":"https:\/\/dpc-software.de\/nl\/wp-json\/wp\/v2\/media?parent=2269"}],"curies":[{"name":"wp","href":"https:\/\/api.w.org\/{rel}","templated":true}]}}