{"id":7748,"date":"2024-05-06T13:59:22","date_gmt":"2024-05-06T11:59:22","guid":{"rendered":"https:\/\/dpc-software.de\/?page_id=7748"},"modified":"2025-09-26T15:39:50","modified_gmt":"2025-09-26T13:39:50","slug":"statanow","status":"publish","type":"page","link":"https:\/\/dpc-software.de\/nl\/statanow\/","title":{"rendered":"StataNow"},"content":{"rendered":"<p>[et_pb_section fb_built=&#8221;1&#8243; _builder_version=&#8221;4.16&#8243; use_background_color_gradient=&#8221;on&#8221; background_image=&#8221;https:\/\/dpc-software.de\/wp-content\/uploads\/2018\/11\/DPCs_Blau.jpg&#8221; custom_margin=&#8221;50px||||false|false&#8221; custom_padding=&#8221;50px||||false|false&#8221; global_colors_info=&#8221;{}&#8221;][et_pb_row _builder_version=&#8221;4.16&#8243; background_image=&#8221;https:\/\/dpc-software.de\/wp-content\/uploads\/2018\/11\/DPCs_Blau.jpg&#8221; global_colors_info=&#8221;{}&#8221;][et_pb_column type=&#8221;4_4&#8243; _builder_version=&#8221;4.16&#8243; custom_padding=&#8221;|||&#8221; global_colors_info=&#8221;{}&#8221; custom_padding__hover=&#8221;|||&#8221;][et_pb_text _builder_version=&#8221;4.24.2&#8243; text_font_size=&#8221;20&#8243; header_text_align=&#8221;center&#8221; header_font_size=&#8221;35px&#8221; text_orientation=&#8221;center&#8221; module_alignment=&#8221;center&#8221; border_style=&#8221;solid&#8221; global_colors_info=&#8221;{}&#8221;]<\/p>\n<h1 style=\"text-align: center;\"><span style=\"color: #ffffff;\">StataNow<\/span><\/h1>\n<p>&nbsp;<\/p>\n<p style=\"text-align: center;\"><span style=\"color: #ffffff;\">Rechtstreeks van de ontwikkelaar naar jou. Met StataNow beschikt u altijd over de nieuwste functies.<\/span><\/p>\n<p>[\/et_pb_text][\/et_pb_column][\/et_pb_row][et_pb_row column_structure=&#8221;1_3,1_3,1_3&#8243; _builder_version=&#8221;4.24.2&#8243; _module_preset=&#8221;default&#8221; custom_margin=&#8221;30px||||false|false&#8221; global_colors_info=&#8221;{}&#8221;][et_pb_column type=&#8221;1_3&#8243; _builder_version=&#8221;4.24.2&#8243; _module_preset=&#8221;default&#8221; global_colors_info=&#8221;{}&#8221;][et_pb_button button_url=&#8221;#StataNow&#8221; button_text=&#8221;StataNow overzicht&#8221; button_alignment=&#8221;center&#8221; _builder_version=&#8221;4.27.4&#8243; _module_preset=&#8221;default&#8221; custom_button=&#8221;on&#8221; button_text_color=&#8221;#FFFFFF&#8221; button_border_color=&#8221;#FFFFFF&#8221; global_colors_info=&#8221;{}&#8221;][\/et_pb_button][\/et_pb_column][et_pb_column type=&#8221;1_3&#8243; _builder_version=&#8221;4.24.2&#8243; _module_preset=&#8221;default&#8221; global_colors_info=&#8221;{}&#8221;][et_pb_button button_url=&#8221;#New%20in%20StataNow&#8221; button_text=&#8221;New in StataNow&#8221; button_alignment=&#8221;center&#8221; _builder_version=&#8221;4.27.4&#8243; _module_preset=&#8221;default&#8221; custom_button=&#8221;on&#8221; button_text_color=&#8221;#FFFFFF&#8221; button_border_color=&#8221;#FFFFFF&#8221; hover_enabled=&#8221;0&#8243; global_colors_info=&#8221;{}&#8221; sticky_enabled=&#8221;0&#8243;][\/et_pb_button][\/et_pb_column][et_pb_column type=&#8221;1_3&#8243; _builder_version=&#8221;4.24.2&#8243; _module_preset=&#8221;default&#8221; global_colors_info=&#8221;{}&#8221;][et_pb_button button_url=&#8221;#Ansprechpartner&#8221; button_text=&#8221;Contactpersoon&#8221; button_alignment=&#8221;center&#8221; _builder_version=&#8221;4.27.4&#8243; _module_preset=&#8221;default&#8221; custom_button=&#8221;on&#8221; button_text_color=&#8221;#FFFFFF&#8221; button_border_color=&#8221;#FFFFFF&#8221; hover_enabled=&#8221;0&#8243; global_colors_info=&#8221;{}&#8221; sticky_enabled=&#8221;0&#8243;][\/et_pb_button][\/et_pb_column][\/et_pb_row][\/et_pb_section][et_pb_section fb_built=&#8221;1&#8243; disabled_on=&#8221;off|off|off&#8221; admin_label=&#8221;StataNow&#8221; _builder_version=&#8221;4.24.2&#8243; global_colors_info=&#8221;{}&#8221;][et_pb_row disabled_on=&#8221;off|off|off&#8221; module_id=&#8221;StataNow&#8221; _builder_version=&#8221;4.24.2&#8243; global_colors_info=&#8221;{}&#8221;][et_pb_column type=&#8221;4_4&#8243; _builder_version=&#8221;4.16&#8243; custom_padding=&#8221;|||&#8221; global_colors_info=&#8221;{}&#8221; custom_padding__hover=&#8221;|||&#8221;][et_pb_text _builder_version=&#8221;4.24.2&#8243; _module_preset=&#8221;default&#8221; global_colors_info=&#8221;{}&#8221;]<\/p>\n<h2>Wat is <strong>StataNow<\/strong><\/h2>\n<p>Met StataNow geeft Stata belangrijke functies vrij naarmate ze worden ontwikkeld. StataNow is een voordeel dat is inbegrepen in alle jaarlijkse Stata-licenties. Als een klant een jaarlicentie heeft, heeft hij StataNow.<\/p>\n<p>&nbsp;<\/p>\n<h2>\u00a0<\/h2>\n<h2>Ist <strong>StataNow<\/strong> een apart product?<\/h2>\n<p>Nee. StataNow is geen apart product. Het betekent dat gebruikers met een jaarlicentie niet langer hoeven te wachten op een versie-update om nieuwe functies te krijgen. Stata zal nieuwe functies met kortere tussenpozen beschikbaar maken naarmate ze worden ontwikkeld..<\/p>\n<p>&nbsp;<\/p>\n<h2>\u00a0<\/h2>\n<h2>Bestaande gebruikers met een jaarlijkse licentie ontvangen de voordelen van <strong>StataNow?<\/strong><\/h2>\n<p>Ja. Iedere gebruiker met een bestaande jaarlicentie ontvangt automatisch de StataNow-voordelen.<\/p>\n<p>&nbsp;<\/p>\n<h2>\u00a0<\/h2>\n<h2>Krijgen gebruikers met een perpetual licentie <strong>StataNow<\/strong>-voordelen?<\/h2>\n<p>Nee. Een perpetual licentie heeft geen StataNow-voordelen. Als een perpetual licentie echter een doorlopend maintenance-contract heeft, kan de gebruiker toegang tot de StataNow-functies aanvragen.<\/p>\n<p>&nbsp;<\/p>\n<h2>\u00a0<\/h2>\n<h2>Welke jaarlicenties komen in aanmerking voor<strong>StataNow<\/strong>?<\/h2>\n<p>Alle jaarlicenties komen in aanmerking voor StataNow, ongeacht of het gaat om licenties voor \u00e9\u00e9n gebruiker, een netwerk of een site. Voor \u00e9\u00e9n jaar of voor meerdere jaren, voor Stata\/MP, Stata\/SE of Stata\/BE.<\/p>\n<p>&nbsp;<\/p>\n<h2>\u00a0<\/h2>\n<h2>Komen studenten in aanmerking voor <strong>StataNow<\/strong>?<\/h2>\n<p>Ja, als je een jaarlicentie hebt. Alle jaarlicenties zijn StataNow-licenties, inclusief jaarlicenties voor studenten en licenties voor 6 maanden.<\/p>\n<p>&nbsp;<\/p>\n<h2>\u00a0<\/h2>\n<h2 id=\"3\">Hoe krijgen gebruikers <strong>StataNow<\/strong>?<\/h2>\n<p>Houders van een jaarlicentie ontvangen de StataNow updates rechtstreeks van Stata. De software laat hen weten wanneer er een update beschikbaar is en de gebruiker heeft de keuze om de update te downloaden en te installeren.<\/p>\n<p>&nbsp;<\/p>\n<h2>\u00a0<\/h2>\n<h2 id=\"1\">Hoe weet een gebruiker of hij <strong>StataNow<\/strong> heeft?<\/h2>\n<p>Als een gebruiker Stata start, ziet hij StataNow op het beginscherm. Je kunt ook &#8220;about&#8221; typen in het Stata opdrachtvenster en StataNow wordt weergegeven in de eerste regel.<\/p>\n<p>&nbsp;<\/p>\n<p>[\/et_pb_text][\/et_pb_column][\/et_pb_row][\/et_pb_section][et_pb_section fb_built=&#8221;1&#8243; admin_label=&#8221;New in StataNow&#8221; _builder_version=&#8221;4.27.4&#8243; _module_preset=&#8221;default&#8221; custom_margin=&#8221;-100px||-100px||false|false&#8221; global_colors_info=&#8221;{}&#8221;][et_pb_row _builder_version=&#8221;4.24.2&#8243; _module_preset=&#8221;default&#8221; global_colors_info=&#8221;{}&#8221;][et_pb_column type=&#8221;4_4&#8243; _builder_version=&#8221;4.24.2&#8243; _module_preset=&#8221;default&#8221; global_colors_info=&#8221;{}&#8221;][et_pb_divider _builder_version=&#8221;4.16&#8243; _module_preset=&#8221;default&#8221; global_colors_info=&#8221;{}&#8221;][\/et_pb_divider][\/et_pb_column][\/et_pb_row][et_pb_row admin_label=&#8221;New in StataNow&#8221; _builder_version=&#8221;4.24.2&#8243; _module_preset=&#8221;default&#8221; global_colors_info=&#8221;{}&#8221;][et_pb_column type=&#8221;4_4&#8243; _builder_version=&#8221;4.24.2&#8243; _module_preset=&#8221;default&#8221; global_colors_info=&#8221;{}&#8221;][et_pb_text _builder_version=&#8221;4.27.4&#8243; _module_preset=&#8221;default&#8221; global_colors_info=&#8221;{}&#8221;]<\/p>\n<h2>New in StataNow<\/h2>\n<p>[\/et_pb_text][et_pb_text _builder_version=&#8221;4.27.4&#8243; _module_preset=&#8221;default&#8221; global_colors_info=&#8221;{}&#8221;]<\/p>\n<ul>\n<li><a href=\"https:\/\/www.stata.com\/statanow\/local-average-treatment-effects\/\" target=\"_blank\" rel=\"noopener\">Local average treatment effects (LATE)<\/a> <span style=\"color: #ff0000;\"><a style=\"color: #ff0000;\" href=\"https:\/\/www.stata.com\/statanow\" target=\"_blank\" rel=\"noopener\">StataNow<\/a><\/span><\/li>\n<li><a href=\"https:\/\/www.stata.com\/statanow\/vce-options-for-linear-models\/\" target=\"_blank\" rel=\"noopener\">VCE additions for linear models<\/a> <span style=\"color: #ff0000;\"><a style=\"color: #ff0000;\" href=\"https:\/\/www.stata.com\/statanow\" target=\"_blank\" rel=\"noopener\">StataNow<\/a><\/span><\/li>\n<li><a href=\"https:\/\/www.stata.com\/new-in-stata\/features#history_ribbon\" target=\"_blank\" rel=\"noopener\">Do-file Editor change history ribbon<\/a> <span style=\"color: #ff0000;\"><a style=\"color: #ff0000;\" href=\"https:\/\/www.stata.com\/statanow\" target=\"_blank\" rel=\"noopener\">StataNow<\/a><\/span><\/li>\n<li><a href=\"https:\/\/www.stata.com\/new-in-stata\/features#variable_truncation\" target=\"_blank\" rel=\"noopener\">Data Editor improved variable truncation<\/a> <span style=\"color: #ff0000;\"><a style=\"color: #ff0000;\" href=\"https:\/\/www.stata.com\/statanow\" target=\"_blank\" rel=\"noopener\">StataNow<\/a><\/span><\/li>\n<li><a href=\"https:\/\/www.stata.com\/statanow\/power-analysis-logistic-regression\/\">Power analysis for logistic regression <\/a><span style=\"color: #ff0000;\"><a style=\"color: #ff0000;\" href=\"https:\/\/www.stata.com\/statanow\" target=\"_blank\" rel=\"noopener\">StataNow<\/a><\/span><\/li>\n<li><a href=\"https:\/\/www.stata.com\/statanow\/machine-learning-h2o-ensemble-decision-trees\/\">Machine learning via H2O <\/a><span style=\"color: #ff0000;\"><a style=\"color: #ff0000;\" href=\"https:\/\/www.stata.com\/statanow\" target=\"_blank\" rel=\"noopener\">StataNow<\/a><\/span><\/li>\n<li><a href=\"https:\/\/www.stata.com\/statanow\/high-dimensional-fixed-effects\/\">High-dimensional fixed effects (HDFE)\u00a0<\/a><span style=\"color: #ff0000;\"><a style=\"color: #ff0000;\" href=\"https:\/\/www.stata.com\/statanow\" target=\"_blank\" rel=\"noopener\">StataNow<\/a><\/span><\/li>\n<li><a href=\"https:\/\/www.stata.com\/statanow\/meta-analysis-correlations\/\">Meta-analysis for correlations <\/a><a style=\"color: #ff0000;\" href=\"https:\/\/www.stata.com\/statanow\" target=\"_blank\" rel=\"noopener\">StataNow<\/a><\/li>\n<li><a href=\"https:\/\/www.stata.com\/statanow\/correlated-random-effects-model\/\">Correlated random-effects (CRE) model <\/a><a style=\"color: #ff0000;\" href=\"https:\/\/www.stata.com\/statanow\" target=\"_blank\" rel=\"noopener\">StataNow<\/a><\/li>\n<li><a href=\"https:\/\/www.stata.com\/statanow\/inference-robust-to-weak-instruments\/\">Inference robust to weak instruments in instrumental-variables regression <\/a><a style=\"color: #ff0000;\" href=\"https:\/\/www.stata.com\/statanow\" target=\"_blank\" rel=\"noopener\">StataNow<\/a><\/li>\n<li><a href=\"https:\/\/www.stata.com\/statanow\/instrumental-variables-svar-models\/\">SVAR models via instrumental variables <\/a><a style=\"color: #ff0000;\" href=\"https:\/\/www.stata.com\/statanow\" target=\"_blank\" rel=\"noopener\">StataNow<\/a><\/li>\n<li><a href=\"https:\/\/www.stata.com\/statanow\/bayesian-quantile-regression\/\">Bayesian quantile regression <\/a><a style=\"color: #ff0000;\" href=\"https:\/\/www.stata.com\/statanow\" target=\"_blank\" rel=\"noopener\">StataNow<\/a><\/li>\n<li><a href=\"https:\/\/www.stata.com\/statanow\/bayesian-asymmetric-laplace-model\/\">Bayesian asymmetric Laplace model <\/a><a style=\"color: #ff0000;\" href=\"https:\/\/www.stata.com\/statanow\" target=\"_blank\" rel=\"noopener\">StataNow<\/a><\/li>\n<li><a href=\"https:\/\/www.stata.com\/statanow\/mundlak-specification-test\/\">Mundlak specification test <\/a><a style=\"color: #ff0000;\" href=\"https:\/\/www.stata.com\/statanow\" target=\"_blank\" rel=\"noopener\">StataNow<\/a><\/li>\n<\/ul>\n<p>[\/et_pb_text][et_pb_text _builder_version=&#8221;4.27.4&#8243; _module_preset=&#8221;default&#8221; global_colors_info=&#8221;{}&#8221;]<\/p>\n<p>View all the<a href=\"https:\/\/www.stata.com\/new-in-stata\/\">\u00a0new features in Stata 19.<\/a><\/p>\n<p>[\/et_pb_text][\/et_pb_column][\/et_pb_row][\/et_pb_section][et_pb_section fb_built=&#8221;1&#8243; _builder_version=&#8221;4.24.2&#8243; _module_preset=&#8221;default&#8221; custom_margin=&#8221;-100px||-100px||false|false&#8221; global_colors_info=&#8221;{}&#8221;][et_pb_row _builder_version=&#8221;4.24.2&#8243; _module_preset=&#8221;default&#8221; global_colors_info=&#8221;{}&#8221;][et_pb_column type=&#8221;4_4&#8243; _builder_version=&#8221;4.24.2&#8243; _module_preset=&#8221;default&#8221; global_colors_info=&#8221;{}&#8221;][et_pb_divider _builder_version=&#8221;4.24.2&#8243; _module_preset=&#8221;default&#8221; custom_margin=&#8221;50px||||false|false&#8221; global_colors_info=&#8221;{}&#8221;][\/et_pb_divider][\/et_pb_column][\/et_pb_row][\/et_pb_section][et_pb_section fb_built=&#8221;1&#8243; _builder_version=&#8221;4.24.2&#8243; _module_preset=&#8221;default&#8221; global_colors_info=&#8221;{}&#8221;][et_pb_row module_id=&#8221;Ansprechpartner&#8221; _builder_version=&#8221;4.24.2&#8243; _module_preset=&#8221;default&#8221; global_colors_info=&#8221;{}&#8221;][et_pb_column type=&#8221;4_4&#8243; _builder_version=&#8221;4.24.2&#8243; _module_preset=&#8221;default&#8221; global_colors_info=&#8221;{}&#8221;][et_pb_text _builder_version=&#8221;4.24.2&#8243; _module_preset=&#8221;default&#8221; global_colors_info=&#8221;{}&#8221;]<\/p>\n<h2><span class=\"NormalTextRun SCXW166841467 BCX0\" data-ccp-charstyle=\"--l\" data-ccp-charstyle-defn=\"{&quot;ObjectId&quot;:&quot;e485ce0a-1bd3-48af-abe3-de7fab8e9e4e|176&quot;,&quot;ClassId&quot;:1073872969,&quot;Properties&quot;:[201342446,&quot;1&quot;,201342447,&quot;5&quot;,201342448,&quot;3&quot;,201342449,&quot;1&quot;,469777841,&quot;Aptos&quot;,469777842,&quot;&quot;,469777843,&quot;&quot;,469777844,&quot;Aptos&quot;,201341986,&quot;1&quot;,469769226,&quot;Aptos&quot;,268442635,&quot;24&quot;,335559704,&quot;1025&quot;,335559705,&quot;1031&quot;,335551547,&quot;1031&quot;,335559740,&quot;278&quot;,201341983,&quot;0&quot;,335559739,&quot;160&quot;,469775450,&quot;--l&quot;,201340122,&quot;1&quot;,134233614,&quot;true&quot;,469778129,&quot;--l&quot;,335572020,&quot;1&quot;,469778324,&quot;Default Paragraph Font&quot;]}\">Heeft u vragen of wilt u meer van <\/span><strong><span class=\"NormalTextRun SpellingErrorV2Themed SCXW166841467 BCX0\" data-ccp-charstyle=\"--l\">StataNow<\/span><\/strong><span class=\"NormalTextRun SCXW166841467 BCX0\" data-ccp-charstyle=\"--l\"> weten?<\/span><\/h2>\n<p>Ons Sales-Team staat u graag te woord.[\/et_pb_text][\/et_pb_column][\/et_pb_row][et_pb_row column_structure=&#8221;1_4,1_4,1_4,1_4&#8243; _builder_version=&#8221;4.24.2&#8243; _module_preset=&#8221;default&#8221; global_colors_info=&#8221;{}&#8221;][et_pb_column type=&#8221;1_4&#8243; _builder_version=&#8221;4.24.2&#8243; _module_preset=&#8221;default&#8221; global_colors_info=&#8221;{}&#8221;][et_pb_text _builder_version=&#8221;4.24.2&#8243; _module_preset=&#8221;default&#8221; background_color=&#8221;#f7f7f7&#8243; custom_padding=&#8221;10px|10px|10px|10px|false|false&#8221; global_colors_info=&#8221;{}&#8221;]<\/p>\n<p><strong>Peter Stenveld<\/strong><\/p>\n<p><a href=\"tel:0765302330\">+31 (0)76 \/ 5302330<\/a><\/p>\n<p><a href=\"tel:021222471618\">+49 (0)212 \/ 22 47 16 -18<\/a><\/p>\n<p><a href=\"mailto:Peter.Stenveld@dpc-software.de\">Peter.Stenveld@dpc-software.de<\/a><\/p>\n<p>[\/et_pb_text][\/et_pb_column][et_pb_column type=&#8221;1_4&#8243; _builder_version=&#8221;4.24.2&#8243; _module_preset=&#8221;default&#8221; global_colors_info=&#8221;{}&#8221;][et_pb_text _builder_version=&#8221;4.24.2&#8243; _module_preset=&#8221;default&#8221; background_color=&#8221;#f7f7f7&#8243; custom_padding=&#8221;10px|10px|10px|10px|false|false&#8221; global_colors_info=&#8221;{}&#8221;]<\/p>\n<p><strong>Norbert D\u00f6rrenbach<\/strong><\/p>\n<p><a href=\"tel:0765302330\">+31 (0)76 \/ 5302330<\/a><\/p>\n<p><a href=\"tel:021222471622\">+49 (0)212 \/ 22 47 16 -22<\/a><\/p>\n<p><a href=\"mailto:Norbert.Doerrenbach@dpc-software.de\">Norbert.Doerrenbach@dpc-software.de<\/a><\/p>\n<p>[\/et_pb_text][\/et_pb_column][et_pb_column type=&#8221;1_4&#8243; _builder_version=&#8221;4.24.2&#8243; _module_preset=&#8221;default&#8221; global_colors_info=&#8221;{}&#8221;][et_pb_text _builder_version=&#8221;4.24.2&#8243; _module_preset=&#8221;default&#8221; background_color=&#8221;#f7f7f7&#8243; custom_padding=&#8221;10px|10px|10px|10px|false|false&#8221; global_colors_info=&#8221;{}&#8221;]<\/p>\n<p><strong>Tim Prenzel<\/strong><\/p>\n<p><a href=\"tel:021222471615\">+49 (0)212 \/ 22 47 16 -15<\/a><\/p>\n<p><a href=\"mailto:Tim.Prenzel@dpc-software.de\">Tim.Prenzel@dpc-software.de<\/a><\/p>\n<p>[\/et_pb_text][\/et_pb_column][et_pb_column type=&#8221;1_4&#8243; _builder_version=&#8221;4.24.2&#8243; _module_preset=&#8221;default&#8221; global_colors_info=&#8221;{}&#8221;][et_pb_text _builder_version=&#8221;4.24.2&#8243; _module_preset=&#8221;default&#8221; background_color=&#8221;#f7f7f7&#8243; custom_padding=&#8221;10px|10px|10px|10px|false|false&#8221; global_colors_info=&#8221;{}&#8221;]<\/p>\n<p><strong>Christian Sildatke<\/strong><\/p>\n<p><a href=\"tel:021222471619\">+49 (0)212 \/ 22 47 16 -19<\/a><\/p>\n<p><a href=\"mailto:Christian.Sildatke@dpc-software.de\">Christian.Sildatke@dpc-software.de<\/a><\/p>\n<p>[\/et_pb_text][\/et_pb_column][\/et_pb_row][\/et_pb_section]<\/p>\n","protected":false},"excerpt":{"rendered":"<p>StataNow &nbsp; Rechtstreeks van de ontwikkelaar naar jou. Met StataNow beschikt u altijd over de nieuwste functies.Wat is StataNow Met StataNow geeft Stata belangrijke functies vrij naarmate ze worden ontwikkeld. StataNow is een voordeel dat is inbegrepen in alle jaarlijkse Stata-licenties. Als een klant een jaarlicentie heeft, heeft hij StataNow. &nbsp; \u00a0 Ist StataNow een apart product? Nee. StataNow is geen apart product. Het betekent dat gebruikers met een jaarlicentie niet langer hoeven te wachten op een versie-update om nieuwe functies te krijgen. Stata zal nieuwe functies met kortere tussenpozen beschikbaar maken naarmate ze worden ontwikkeld.. &nbsp; \u00a0 Bestaande gebruikers met een jaarlijkse licentie ontvangen de voordelen van StataNow? Ja. Iedere gebruiker met een bestaande jaarlicentie ontvangt automatisch de StataNow-voordelen. &nbsp; \u00a0 Krijgen gebruikers met een perpetual licentie StataNow-voordelen? Nee. Een perpetual licentie heeft geen StataNow-voordelen. Als een perpetual licentie echter een doorlopend maintenance-contract heeft, kan de gebruiker toegang tot de StataNow-functies aanvragen. &nbsp; \u00a0 Welke jaarlicenties komen in aanmerking voorStataNow? Alle jaarlicenties komen in aanmerking voor StataNow, ongeacht of het gaat om licenties voor \u00e9\u00e9n gebruiker, een netwerk of een site. Voor \u00e9\u00e9n jaar of voor meerdere jaren, voor Stata\/MP, Stata\/SE of Stata\/BE. &nbsp; \u00a0 Komen studenten in aanmerking [&hellip;]<\/p>\n","protected":false},"author":3,"featured_media":0,"parent":0,"menu_order":0,"comment_status":"closed","ping_status":"closed","template":"","meta":{"_acf_changed":false,"_et_pb_use_builder":"on","_et_pb_old_content":"","_et_gb_content_width":"","inline_featured_image":false,"footnotes":""},"class_list":["post-7748","page","type-page","status-publish","hentry"],"acf":[],"yoast_head":"<!-- This site is optimized with the Yoast SEO plugin v25.9 - https:\/\/yoast.com\/wordpress\/plugins\/seo\/ -->\n<title>Stata Users Group meeting 2019 | DPC Software GmbH<\/title>\n<meta name=\"description\" content=\"Information und Registrierung zum German Stata User Group Meeting am 23. Und 24. Mai 2019 in der Ludwig-Maximilian-Universit\u00e4t Munich\" \/>\n<meta name=\"robots\" content=\"index, follow, max-snippet:-1, max-image-preview:large, max-video-preview:-1\" \/>\n<link rel=\"canonical\" href=\"https:\/\/dpc-software.de\/nl\/statanow\/\" \/>\n<meta property=\"og:locale\" content=\"nl_NL\" \/>\n<meta property=\"og:type\" content=\"article\" \/>\n<meta property=\"og:title\" content=\"Stata Users Group meeting 2019 | DPC Software GmbH\" \/>\n<meta property=\"og:description\" content=\"Information und Registrierung zum German Stata User Group Meeting am 23. Und 24. Mai 2019 in der Ludwig-Maximilian-Universit\u00e4t Munich\" \/>\n<meta property=\"og:url\" content=\"https:\/\/dpc-software.de\/nl\/statanow\/\" \/>\n<meta property=\"og:site_name\" content=\"DPC Software GmbH\" \/>\n<meta property=\"article:modified_time\" content=\"2025-09-26T13:39:50+00:00\" \/>\n<meta name=\"twitter:card\" content=\"summary_large_image\" \/>\n<meta name=\"twitter:label1\" content=\"Geschatte leestijd\" \/>\n\t<meta name=\"twitter:data1\" content=\"3 minuten\" \/>\n<script type=\"application\/ld+json\" class=\"yoast-schema-graph\">{\"@context\":\"https:\/\/schema.org\",\"@graph\":[{\"@type\":\"WebPage\",\"@id\":\"https:\/\/dpc-software.de\/nl\/statanow\/\",\"url\":\"https:\/\/dpc-software.de\/nl\/statanow\/\",\"name\":\"Stata Users Group meeting 2019 | DPC Software GmbH\",\"isPartOf\":{\"@id\":\"https:\/\/dpc-software.de\/#website\"},\"datePublished\":\"2024-05-06T11:59:22+00:00\",\"dateModified\":\"2025-09-26T13:39:50+00:00\",\"description\":\"Information und Registrierung zum German Stata User Group Meeting am 23. Und 24. Mai 2019 in der Ludwig-Maximilian-Universit\u00e4t Munich\",\"breadcrumb\":{\"@id\":\"https:\/\/dpc-software.de\/nl\/statanow\/#breadcrumb\"},\"inLanguage\":\"nl\",\"potentialAction\":[{\"@type\":\"ReadAction\",\"target\":[\"https:\/\/dpc-software.de\/nl\/statanow\/\"]}]},{\"@type\":\"BreadcrumbList\",\"@id\":\"https:\/\/dpc-software.de\/nl\/statanow\/#breadcrumb\",\"itemListElement\":[{\"@type\":\"ListItem\",\"position\":1,\"name\":\"Startseite\",\"item\":\"https:\/\/dpc-software.de\/nl\/neue-startseite-2024\/\"},{\"@type\":\"ListItem\",\"position\":2,\"name\":\"StataNow\"}]},{\"@type\":\"WebSite\",\"@id\":\"https:\/\/dpc-software.de\/#website\",\"url\":\"https:\/\/dpc-software.de\/\",\"name\":\"DPC Software GmbH\",\"description\":\"Stata and StatGraphics Distributor\",\"publisher\":{\"@id\":\"https:\/\/dpc-software.de\/#organization\"},\"potentialAction\":[{\"@type\":\"SearchAction\",\"target\":{\"@type\":\"EntryPoint\",\"urlTemplate\":\"https:\/\/dpc-software.de\/?s={search_term_string}\"},\"query-input\":{\"@type\":\"PropertyValueSpecification\",\"valueRequired\":true,\"valueName\":\"search_term_string\"}}],\"inLanguage\":\"nl\"},{\"@type\":\"Organization\",\"@id\":\"https:\/\/dpc-software.de\/#organization\",\"name\":\"DPC Software GmbH - Stata and StatGraphics Distributor\",\"url\":\"https:\/\/dpc-software.de\/\",\"logo\":{\"@type\":\"ImageObject\",\"inLanguage\":\"nl\",\"@id\":\"https:\/\/dpc-software.de\/#\/schema\/logo\/image\/\",\"url\":\"https:\/\/dpc-software.de\/wp-content\/uploads\/2018\/10\/dpc-favi.png\",\"contentUrl\":\"https:\/\/dpc-software.de\/wp-content\/uploads\/2018\/10\/dpc-favi.png\",\"width\":307,\"height\":273,\"caption\":\"DPC Software GmbH - Stata and StatGraphics Distributor\"},\"image\":{\"@id\":\"https:\/\/dpc-software.de\/#\/schema\/logo\/image\/\"}}]}<\/script>\n<!-- \/ Yoast SEO plugin. -->","yoast_head_json":{"title":"Stata Users Group meeting 2019 | DPC Software GmbH","description":"Information und Registrierung zum German Stata User Group Meeting am 23. Und 24. Mai 2019 in der Ludwig-Maximilian-Universit\u00e4t Munich","robots":{"index":"index","follow":"follow","max-snippet":"max-snippet:-1","max-image-preview":"max-image-preview:large","max-video-preview":"max-video-preview:-1"},"canonical":"https:\/\/dpc-software.de\/nl\/statanow\/","og_locale":"nl_NL","og_type":"article","og_title":"Stata Users Group meeting 2019 | DPC Software GmbH","og_description":"Information und Registrierung zum German Stata User Group Meeting am 23. Und 24. Mai 2019 in der Ludwig-Maximilian-Universit\u00e4t Munich","og_url":"https:\/\/dpc-software.de\/nl\/statanow\/","og_site_name":"DPC Software GmbH","article_modified_time":"2025-09-26T13:39:50+00:00","twitter_card":"summary_large_image","twitter_misc":{"Geschatte leestijd":"3 minuten"},"schema":{"@context":"https:\/\/schema.org","@graph":[{"@type":"WebPage","@id":"https:\/\/dpc-software.de\/nl\/statanow\/","url":"https:\/\/dpc-software.de\/nl\/statanow\/","name":"Stata Users Group meeting 2019 | DPC Software GmbH","isPartOf":{"@id":"https:\/\/dpc-software.de\/#website"},"datePublished":"2024-05-06T11:59:22+00:00","dateModified":"2025-09-26T13:39:50+00:00","description":"Information und Registrierung zum German Stata User Group Meeting am 23. Und 24. Mai 2019 in der Ludwig-Maximilian-Universit\u00e4t Munich","breadcrumb":{"@id":"https:\/\/dpc-software.de\/nl\/statanow\/#breadcrumb"},"inLanguage":"nl","potentialAction":[{"@type":"ReadAction","target":["https:\/\/dpc-software.de\/nl\/statanow\/"]}]},{"@type":"BreadcrumbList","@id":"https:\/\/dpc-software.de\/nl\/statanow\/#breadcrumb","itemListElement":[{"@type":"ListItem","position":1,"name":"Startseite","item":"https:\/\/dpc-software.de\/nl\/neue-startseite-2024\/"},{"@type":"ListItem","position":2,"name":"StataNow"}]},{"@type":"WebSite","@id":"https:\/\/dpc-software.de\/#website","url":"https:\/\/dpc-software.de\/","name":"DPC Software GmbH","description":"Stata and StatGraphics Distributor","publisher":{"@id":"https:\/\/dpc-software.de\/#organization"},"potentialAction":[{"@type":"SearchAction","target":{"@type":"EntryPoint","urlTemplate":"https:\/\/dpc-software.de\/?s={search_term_string}"},"query-input":{"@type":"PropertyValueSpecification","valueRequired":true,"valueName":"search_term_string"}}],"inLanguage":"nl"},{"@type":"Organization","@id":"https:\/\/dpc-software.de\/#organization","name":"DPC Software GmbH - Stata and StatGraphics Distributor","url":"https:\/\/dpc-software.de\/","logo":{"@type":"ImageObject","inLanguage":"nl","@id":"https:\/\/dpc-software.de\/#\/schema\/logo\/image\/","url":"https:\/\/dpc-software.de\/wp-content\/uploads\/2018\/10\/dpc-favi.png","contentUrl":"https:\/\/dpc-software.de\/wp-content\/uploads\/2018\/10\/dpc-favi.png","width":307,"height":273,"caption":"DPC Software GmbH - Stata and StatGraphics Distributor"},"image":{"@id":"https:\/\/dpc-software.de\/#\/schema\/logo\/image\/"}}]}},"_links":{"self":[{"href":"https:\/\/dpc-software.de\/nl\/wp-json\/wp\/v2\/pages\/7748","targetHints":{"allow":["GET"]}}],"collection":[{"href":"https:\/\/dpc-software.de\/nl\/wp-json\/wp\/v2\/pages"}],"about":[{"href":"https:\/\/dpc-software.de\/nl\/wp-json\/wp\/v2\/types\/page"}],"author":[{"embeddable":true,"href":"https:\/\/dpc-software.de\/nl\/wp-json\/wp\/v2\/users\/3"}],"replies":[{"embeddable":true,"href":"https:\/\/dpc-software.de\/nl\/wp-json\/wp\/v2\/comments?post=7748"}],"version-history":[{"count":31,"href":"https:\/\/dpc-software.de\/nl\/wp-json\/wp\/v2\/pages\/7748\/revisions"}],"predecessor-version":[{"id":11678,"href":"https:\/\/dpc-software.de\/nl\/wp-json\/wp\/v2\/pages\/7748\/revisions\/11678"}],"wp:attachment":[{"href":"https:\/\/dpc-software.de\/nl\/wp-json\/wp\/v2\/media?parent=7748"}],"curies":[{"name":"wp","href":"https:\/\/api.w.org\/{rel}","templated":true}]}}